{"id":1783,"date":"2024-06-08T11:36:51","date_gmt":"2024-06-08T04:36:51","guid":{"rendered":"https:\/\/vnworldtravel.us\/?post_type=product&#038;p=1783"},"modified":"2025-04-21T14:53:41","modified_gmt":"2025-04-21T07:53:41","slug":"tour-du-lich-phap-tay-ban-nha-bo-dao-nha-11-ngay-10-dem","status":"publish","type":"product","link":"https:\/\/vnworldtravel.us\/en\/product\/tour-du-lich-phap-tay-ban-nha-bo-dao-nha-11-ngay-10-dem\/","title":{"rendered":"France - Spain - Portugal Tour 11 Days 10 Nights"},"content":{"rendered":"<h1 style=\"text-align: center;\"><span style=\"color: #ff0000;\">France\/Spain\/Portugal<\/span><\/h1>\n<h2 style=\"text-align: center;\"><span style=\"color: #ff0000;\">&#8211; 11 DAY &#8211;<\/span><\/h2>\n<p><img fetchpriority=\"high\" decoding=\"async\" class=\"alignnone wp-image-1784 size-full\" src=\"https:\/\/vnworldtravel.us\/wp-content\/uploads\/2024\/06\/france-spain-01.jpg\" alt=\"\" width=\"1920\" height=\"997\" srcset=\"https:\/\/vnworldtravel.us\/wp-content\/uploads\/2024\/06\/france-spain-01.jpg 1920w, https:\/\/vnworldtravel.us\/wp-content\/uploads\/2024\/06\/france-spain-01-300x156.jpg 300w, https:\/\/vnworldtravel.us\/wp-content\/uploads\/2024\/06\/france-spain-01-1024x532.jpg 1024w, https:\/\/vnworldtravel.us\/wp-content\/uploads\/2024\/06\/france-spain-01-768x399.jpg 768w, https:\/\/vnworldtravel.us\/wp-content\/uploads\/2024\/06\/france-spain-01-1536x798.jpg 1536w, https:\/\/vnworldtravel.us\/wp-content\/uploads\/2024\/06\/france-spain-01-18x9.jpg 18w, https:\/\/vnworldtravel.us\/wp-content\/uploads\/2024\/06\/france-spain-01-450x234.jpg 450w\" sizes=\"(max-width: 1920px) 100vw, 1920px\" \/><\/p>\n<h3><span style=\"color: #ff0000;\">Day 1: Departure location<\/span><\/h3>\n<p>Depart from your location and take a flight to Paris<\/p>\n<h3><span style=\"color: #ff0000;\">Day 2: Paris<\/span><\/h3>\n<p>Welcome to Paris, the city of romance in France. As one of the most famous cities in the world, Paris is renowned for its romantic ambiance, rich<br \/>\nhistorical and cultural heritage, beautiful architecture, and exquisite cuisine. Upon airport pickup, you&#8217;ll check into your hotel, and the rest of the time is free for you to explore at your leisure.<br \/>\n<span style=\"color: #ff9900;\">Hotel: Novotel Paris Charles de Gaulle or Similar (During the Olympics, we will arrange accommodations in a more distant city.)<\/span><\/p>\n<h3><span style=\"color: #ff0000;\">Day 3: Paris (During the Olympics, due to vehicle restrictions, many attractions need to be accessed on foot.)<\/span><\/h3>\n<p>Louvre &#8211; Latin Quarter &#8211; Eiffel Tower &#8211; Notre Dame Cathedral &#8211; Champs Elys\u00e9es Montmartre &#8211; Palais Garnier Hotel: Novotel Paris Charles de Gaulle or Similar (During the Olympics, we will arrange accommodations in a more distant city.<\/p>\n<h3><span style=\"color: #ff0000;\">Day 4: Chateau de Versailles &#8211; Chateauroux<\/span><\/h3>\n<p>Chateau de Versailles &#8211; Hall of Mirrors &#8211; Ch\u00e2teauroux &#8211; Ch\u00e2teau Raoul &#8211; \u00c9glise Saint-Martial &#8211; Cordeliers Convent Hotel: Best western Plus Richelieu or Similar<\/p>\n<h3><strong><span style=\"color: #ff0000;\">Day 5: Limoges &#8211; Toulouse<\/span><\/strong><\/h3>\n<p>Mus\u00e9e National Adrien Dubouch\u00e9 &#8211; Limoges Cathedral &#8211; Basiliqu Saint-Sernin &#8211; Place du Capitole<\/p>\n<p>Hotel : Holiday Inn Express Toulouse Airport or Similar<\/p>\n<h3><strong><span style=\"color: #ff0000;\">Day 6: Girona &#8211; Barcelona<\/span><\/strong><\/h3>\n<p>Girona Cathedral &#8211; Jewish Quarter &#8211; Barcelona<\/p>\n<p>Hotel: Abba Garden or Similar<\/p>\n<h3><span style=\"color: #ff0000;\"><strong>Day 7: Barcelona &#8211; Zaragoza<\/strong><\/span><\/h3>\n<p>Sagrada Fam\u00edlia &#8211; Casa Mil\u00e0 &#8211; Our Lady of the Pillar (Note: For guests who register within two weeks of departure, tickets to the Sagrada Fam\u00edlia and Casa Mil\u00e0 cannot be guaranteed. If entrance is not possible, an external viewing option is available with a refund of 26 euros for the Sagrada Fam\u00edlia and 28 euros for Casa Mil\u00e0.) Hotel: B&amp;B HOTEL Zaragoza Los Enlaces Estaci\u00f3n or Similar<\/p>\n<h3><strong><span style=\"color: #ff0000;\">Day 8: Zaragoza &#8211; Madrid<\/span><\/strong><\/h3>\n<p>Palacio Real &amp;Plaza de Oriente &#8211; Puerta del Sol&amp; Gran V\u00eda &#8211; Prado Museum<\/p>\n<p>Hotel: Ramada by Wyndham Madrid Getafe or Similar<\/p>\n<h3><span style=\"color: #ff0000;\">Day 9: Madrid &#8211; Toledo<\/span><\/h3>\n<p>Puente de San Mart\u00edn &#8211; Puerta de Bisagra &#8211; Toledo Cathedral<\/p>\n<p>Hotel : Evora Hotel or Similar<\/p>\n<h3><span style=\"color: #ff0000;\">Day 10: Lisbon<\/span><\/h3>\n<p>Lisbon &#8211; Bel\u00e9m Tower &#8211; Jer\u00f3nimos Monastery &#8211; Rossio Square&amp;Rua Augusta<\/p>\n<p>Hotel: Mercure Lisboa Almada or Similar<\/p>\n<h3><span style=\"color: #ff0000;\"><strong>Day 11: Lisbon Next destination<\/strong><\/span><\/h3>\n<h4>The Package includes:<\/h4>\n<p>\u25c6Transportation in private coach Chinese or English-speaking tour leader Airport transfers: one pick-up in Paris and one drop-off in Lisbon\/ Pickup airport code: CDG \/ Pickup times: 10:00; 13:00; 16:00 \/ Drop-off airport code: LIS \/ Drop-off time: 10:00 9 nights in 4-star hotels, double occupancy<\/p>\n<p>\u25c6 Breakfasts in hotels Louvre Museum tickets, Versailles Palace tickets, Limoges Ceramics Museum tickets, Girona Cathedral tickets, Sagrada Fam\u00edlia, Casa Mil\u00e0, Royal Palace of Madrid, official guide in Toledo.<\/p>\n<p>\u2666City Tax, parking fees, fuel charges, and tolls in Italy<\/p>\n<h4><strong>The package excludes:<\/strong><\/h4>\n<p>\u2666 All the entrance tickets<\/p>\n<p>\u2666 Lunches and dinners both children and adults<\/p>\n<p>\u2666 All personal expenses and any items not listed<\/p>\n<p>\u2666 Personal accident insurance and luggage insurance fees, etc.<br \/>\nInternational round-trip airfare Tips for drivers and guides, 10 eur\/per\/day, applicable to An extra charge of USD 630\/per for single occupancy throughout the trip<\/p>","protected":false},"excerpt":{"rendered":"<p>France\/Spain\/Portugal &#8211; 11 DAY &#8211; Day 1: Departure location Depart from your location and take a flight to Paris Day 2: Paris Welcome to Paris, the city of romance in France. As one of the most famous cities in the world, Paris is renowned for its romantic ambiance, rich historical and cultural heritage, beautiful architecture, [&hellip;]<\/p>","protected":false},"featured_media":1784,"comment_status":"open","ping_status":"closed","template":"","meta":[],"product_cat":[30],"product_tag":[],"acf":[],"_links":{"self":[{"href":"https:\/\/vnworldtravel.us\/en\/wp-json\/wp\/v2\/product\/1783"}],"collection":[{"href":"https:\/\/vnworldtravel.us\/en\/wp-json\/wp\/v2\/product"}],"about":[{"href":"https:\/\/vnworldtravel.us\/en\/wp-json\/wp\/v2\/types\/product"}],"replies":[{"embeddable":true,"href":"https:\/\/vnworldtravel.us\/en\/wp-json\/wp\/v2\/comments?post=1783"}],"wp:featuredmedia":[{"embeddable":true,"href":"https:\/\/vnworldtravel.us\/en\/wp-json\/wp\/v2\/media\/1784"}],"wp:attachment":[{"href":"https:\/\/vnworldtravel.us\/en\/wp-json\/wp\/v2\/media?parent=1783"}],"wp:term":[{"taxonomy":"product_cat","embeddable":true,"href":"https:\/\/vnworldtravel.us\/en\/wp-json\/wp\/v2\/product_cat?post=1783"},{"taxonomy":"product_tag","embeddable":true,"href":"https:\/\/vnworldtravel.us\/en\/wp-json\/wp\/v2\/product_tag?post=1783"}],"curies":[{"name":"wp","href":"https:\/\/api.w.org\/{rel}","templated":true}]}}