{"id":2517,"date":"2024-12-06T15:54:17","date_gmt":"2024-12-06T08:54:17","guid":{"rendered":"https:\/\/vnworldtravel.us\/?post_type=product&#038;p=2517"},"modified":"2025-04-21T14:16:19","modified_gmt":"2025-04-21T07:16:19","slug":"tour-du-lich-mien-tay-kdl-my-khanh-2-ngay-1-dem","status":"publish","type":"product","link":"https:\/\/vnworldtravel.us\/en\/product\/tour-du-lich-mien-tay-kdl-my-khanh-2-ngay-1-dem\/","title":{"rendered":"Western Tour My Khanh Tourist Area - 2 Days 1 Night"},"content":{"rendered":"<h2><\/h2>\n<div style=\"margin: 0px 0;\">\n<h3 style=\"text-align: center;\"><span style=\"color: #004274;\">M\u1ef8 THO \u2013B\u1ebeN TRE \u2013C\u1ea6N TH\u01a0 \u2013 KDL M\u1ef8 KH\u00c1NH- C\u0102N NH\u00c0 M\u00c0U T\u00cdM<\/span><\/h3>\n<\/div>\n<div style=\"margin: 0px 0;\">\n<h3 style=\"text-align: center;\"><span style=\"color: #004274;\">Th\u1eddi gian: 02 ng\u00e0y 01 \u0111\u00eam<\/span><\/h3>\n<\/div>\n<div style=\"margin: 0px 0;\">\n<h3 style=\"text-align: center;\"><span style=\"color: #004274;\">Ph\u01b0\u01a1ng ti\u1ec7n: Xe du l\u1ecbch \u0111\u1eddi m\u1edbi<\/span><\/h3>\n<p style=\"padding-left: 240px;\"><img fetchpriority=\"high\" decoding=\"async\" class=\"size-medium wp-image-2524 alignnone\" src=\"https:\/\/vnworldtravel.us\/wp-content\/uploads\/2024\/12\/Thiet-ke-chua-co-ten-19-300x200.png\" alt=\"\" width=\"300\" height=\"200\" srcset=\"https:\/\/vnworldtravel.us\/wp-content\/uploads\/2024\/12\/Thiet-ke-chua-co-ten-19-300x200.png 300w, https:\/\/vnworldtravel.us\/wp-content\/uploads\/2024\/12\/Thiet-ke-chua-co-ten-19-18x12.png 18w, https:\/\/vnworldtravel.us\/wp-content\/uploads\/2024\/12\/Thiet-ke-chua-co-ten-19-450x300.png 450w, https:\/\/vnworldtravel.us\/wp-content\/uploads\/2024\/12\/Thiet-ke-chua-co-ten-19.png 735w\" sizes=\"(max-width: 300px) 100vw, 300px\" \/> <img decoding=\"async\" class=\"alignnone size-medium wp-image-2526\" src=\"https:\/\/vnworldtravel.us\/wp-content\/uploads\/2024\/12\/1-300x200.png\" alt=\"\" width=\"300\" height=\"200\" srcset=\"https:\/\/vnworldtravel.us\/wp-content\/uploads\/2024\/12\/1-300x200.png 300w, https:\/\/vnworldtravel.us\/wp-content\/uploads\/2024\/12\/1-18x12.png 18w, https:\/\/vnworldtravel.us\/wp-content\/uploads\/2024\/12\/1-450x300.png 450w, https:\/\/vnworldtravel.us\/wp-content\/uploads\/2024\/12\/1.png 735w\" sizes=\"(max-width: 300px) 100vw, 300px\" \/> <img decoding=\"async\" class=\"alignnone size-medium wp-image-2527\" src=\"https:\/\/vnworldtravel.us\/wp-content\/uploads\/2024\/12\/2-300x200.png\" alt=\"\" width=\"300\" height=\"200\" srcset=\"https:\/\/vnworldtravel.us\/wp-content\/uploads\/2024\/12\/2-300x200.png 300w, https:\/\/vnworldtravel.us\/wp-content\/uploads\/2024\/12\/2-18x12.png 18w, https:\/\/vnworldtravel.us\/wp-content\/uploads\/2024\/12\/2-450x300.png 450w, https:\/\/vnworldtravel.us\/wp-content\/uploads\/2024\/12\/2.png 735w\" sizes=\"(max-width: 300px) 100vw, 300px\" \/><\/p>\n<\/div>\n<div style=\"margin: 0px 0;\">\n<h3><span style=\"color: #004274;\"><strong>Ng\u00e0y 01: M\u1ef9 Tho &#8211; B\u1ebfn Tre &#8211; C\u1ea7n Th\u01a1<\/strong><\/span><\/h3>\n<\/div>\n<p><strong>&#8211; <\/strong>06h30: Xe v\u00e0 HDV \u0111\u00f3n qu\u00fd kh\u00e1ch t\u1ea1i \u0111i\u1ec3m h\u1eb9n trung t\u00e2m Qu\u1eadn 1.<\/p>\n<p>&#8211; 07h45:\u00a0\u0110o\u00e0n d\u1eebng ch\u00e2n,d\u00f9ng \u0111i\u1ec3m t\u00e2m s\u00e1ng t\u1ea1i Mekong\/ Trung L\u01b0\u01a1ng Rest Stop\u00a0sau \u0111\u00f3 di chuy\u1ec3n \u0111\u1ebfn Ch\u00f9a V\u0129nh Tr\u00e0ng.<\/p>\n<div style=\"margin: 0px 0;\">\n<p style=\"padding-left: 40px;\"><span style=\"color: #004274;\"><em>Ch\u00f9a V\u0129nh Tr\u00e0ng\u00a0\u2013 M\u1ed9t trong nh\u1eefng\u00a0ng\u00f4i ch\u00f9a c\u1ed5 n\u1ed5i ti\u1ebfng nh\u1ea5t Mi\u1ec1n T\u00e2y.\u00a0N\u0103m 1984\u00a0Ch\u00f9a V\u0129nh Tr\u00e0ng\u00a0\u0111\u00e3 \u0111\u01b0\u1ee3c B\u1ed9 V\u0103n h\u00f3a Th\u00f4ng tin (nay l\u00e0 B\u1ed9 V\u0103n h\u00f3a Th\u1ec3 thao v\u00e0 Du l\u1ecbch)\u00a0x\u1ebfp h\u1ea1ng di t\u00edch c\u1ea5p Qu\u1ed1c gia.<\/em><\/span><\/p>\n<\/div>\n<p>&#8211; 09h00: Qu\u00fd Kh\u00e1ch \u0111\u1ebfn b\u1ebfn t\u00e0u 30\/4 TP.M\u1ef9 Tho, thuy\u1ec1n l\u1edbn v\u00e0 HDV b\u1ea3n \u0111\u1ecba \u0111\u00f3n qu\u00fd kh\u00e1ch th\u01b0\u1edfng ngo\u1ea1n s\u00f4ng n\u01b0\u1edbc mi\u1ec1n T\u00e2y:<\/p>\n<div style=\"margin: 0px 0;\">\n<ul>\n<li>Tham quan t\u1ee9 linh mi\u1ec7t v\u01b0\u1eddn &#8211; 4 c\u1ed3n Long, L\u00e2n, Quy, Ph\u1ee5ng.<\/li>\n<li>T\u00ecm hi\u1ec3u c\u00e1ch nu\u00f4i c\u00e1 b\u00e8 tr\u00ean s\u00f4ng ti\u1ec1n c\u1ee7a c\u01b0 d\u00e2n \u0111\u1ecba ph\u01b0\u01a1ng.<\/li>\n<li>\u0110o\u00e0n tr\u1ea3i nghi\u1ec7mthuy\u1ec1n ch\u00e8o 3 l\u00e1\u00a0len l\u1ecfi trong r\u1ea1ch d\u1eeba n\u01b0\u1edbc th\u01a1 m\u1ed9ng<\/li>\n<li>Tham quan trang tr\u1ea1i nu\u00f4i ong m\u1eadt, qu\u00fd kh\u00e1ch th\u01b0\u1edfng th\u1ee9c tr\u00e0 m\u1eadt ong<\/li>\n<\/ul>\n<\/div>\n<p>&#8211; 10h30: \u0110o\u00e0n tr\u1edf ra thuy\u1ec1n l\u1edbn \u0111\u1ebfn v\u1edbi t\u1ec9nh B\u1ebfn Tre.<\/p>\n<div style=\"margin: 0px 0;\">\n<ul>\n<li>Tham quan, t\u00ecm hi\u1ec3u quy tr\u00ecnh s\u1ea3n xu\u1ea5t k\u1eb9o d\u1eeba v\u00e0 l\u00e0ng ngh\u1ec1 b\u00e1nh tr\u00e1ng t\u1ea1i x\u00e3 T\u00e2n Th\u1ea1nh.<\/li>\n<li>Qu\u00fd kh\u00e1ch c\u00f3 tr\u1ea3i nghi\u1ec7m th\u00fa v\u1ecb \u0111i xe ng\u1ef1a tr\u00ean \u0111\u01b0\u1eddng l\u00e0ng, th\u01b0\u1edfng th\u1ee9c tr\u00e1i c\u00e2y mi\u1ec5n ph\u00ed v\u00e0 giao l\u01b0u \u0111\u1eddn ca t\u00e0i t\u1eed Nam b\u1ed9.<\/li>\n<li>C\u00f4ng ty m\u1eddi qu\u00fd kh\u00e1ch m\u1ed7i kh\u00e1ch 1 tr\u00e1i d\u1eeba ba nh\u00e1t \u0111\u1eb7c s\u1ea3n B\u1ebfn Tre.<\/li>\n<\/ul>\n<\/div>\n<p>&#8211; 11h30: \u0110o\u00e0n ti\u1ebfp t\u1ee5c \u0111\u1ebfn nh\u00e0 h\u00e0ng mi\u1ec7t v\u01b0\u1eddn d\u00f9ng c\u01a1m tr\u01b0a, n\u1eb1m v\u00f5ng ngh\u1ec9 ng\u01a1i, tham quan h\u1ed3 c\u00e1 s\u1ea5u ,\u0111i c\u1ea7u kh\u1ec9, c\u1ea7u d\u1eeba\u2026Sau \u0111\u00f3 l\u00ean t\u00e0u tr\u1edf v\u1ec1 b\u1ebfn t\u00e0u M\u1ef9 Tho. Tr\u00ean \u0111\u01b0\u1eddng nghe gi\u1edbi thi\u1ec7u v\u1ec1 C\u1ed3n Ph\u1ee5ng &#8211; t\u00ecm hi\u1ec3u di t\u00edch \u00d4ng \u0110\u1ea1o D\u1eeba v\u00e0 c\u00e1c c\u00f4ng tr\u00ecnh ki\u1ebfn tr\u00fac c\u1ee7a \u00f4ng tr\u00ean c\u1ed3n.<\/p>\n<div style=\"margin: 0px 0;\">\n<ul>\n<li>Sau \u0111\u00f3, \u0111o\u00e0n di chuy\u1ec3n \u0111\u1ebfn C\u1ea7n Th\u01a1 \u0111\u1ec3 nh\u1eadn ph\u00f2ng kh\u00e1ch s\u1ea1n.<\/li>\n<\/ul>\n<\/div>\n<p>&#8211; 18h30: \u0110o\u00e0n \u0103n t\u1ed1i t\u1ea1i Du thuy\u1ec1n. Qu\u00fd kh\u00e1ch tham quan t\u1ef1 do TP. C\u1ea7n Th\u01a1 v\u1ec1 \u0111\u00eam.<\/p>\n<div style=\"margin: 0px 0;\">\n<h4><span style=\"color: #004274;\"><strong>Ng\u00e0y 02: Ch\u1ee3 N\u1ed5i &#8211; KDL M\u1ef9 Kh\u00e1nh &#8211; Thi\u1ec1n Vi\u1ec7n &#8211; TP. H\u1ed3 Ch\u00ed Minh\u00a0<\/strong><\/span><\/h4>\n<\/div>\n<p>&#8211; 05h30: \u0110o\u00e0n kh\u1edfi h\u00e0nh tham quan Ch\u1ee3 n\u1ed5i C\u00e1i R\u0103ng\u2013 m\u1ed9t tr\u1ea3i nghi\u1ec7m th\u00fa v\u1ecb \u1edf mi\u1ec1n T\u00e2y s\u00f4ng n\u01b0\u1edbc . Thuy\u1ec1n gh\u00e9 L\u00e0ng h\u1ee7 ti\u1ebfu truy\u1ec1n th\u1ed1ng, qu\u00fd kh\u00e1ch th\u01b0\u1edfng th\u1ee9c m\u00f3n\u00a0\u201cpizza h\u1ee7 ti\u1ebfu\u201d ( chi ph\u00ed t\u1ef1 t\u00fac).<\/p>\n<p>&#8211; 07h00: \u0110o\u00e0n kh\u1edfi h\u00e0nh v\u1ec1 l\u1ea1i kh\u00e1ch s\u1ea1n \u0111\u1ec3 d\u00f9ng buffet s\u00e1ng. Sau \u0111\u00f3, \u0111o\u00e0n kh\u1edfi h\u00e0nh tham quan c\u00e1c \u0111i\u1ec3m:<\/p>\n<div style=\"margin: 0px 0;\">\n<ul>\n<li>Tham quan Thi\u1ec1n vi\u1ec7n Tr\u00fac L\u00e2m C\u1ea7n Th\u01a1, l\u00e0 thi\u1ec1n vi\u1ec7n l\u1edbn nh\u1ea5t Mi\u1ec1n T\u00e2y v\u1edbi nhi\u1ec1u t\u1ed5 h\u1ee3p c\u00f4ng tr\u00ecnh ki\u1ebfn tr\u00fac \u0111\u1ed9c \u0111\u00e1o.<\/li>\n<\/ul>\n<\/div>\n<p>&#8211; Bu\u1ed5i tr\u01b0a:<\/p>\n<div style=\"margin: 0px 0;\">\n<ul>\n<li>\u0110o\u00e0n \u0111\u1ebfn v\u1edbi Khu Du l\u1ecbch M\u1ef9 Kh\u00e1nh, tr\u1ea3i nghi\u1ec7m c\u00e1c tr\u00f2 ch\u01a1i d\u00e2n gian nh\u01b0 \u0111ua heo, \u0111ua ch\u00f3, tham quan v\u01b0\u1eddn th\u00fa, c\u00e2u c\u00e1 s\u1ea5u, &#8230;.Tham quan v\u01b0\u1eddn tr\u00e1i c\u00e2u theo m\u00f9a <em>(chi ph\u00ed t\u1ef1 t\u00fac)<\/em>.<\/li>\n<li>D\u00f9ng c\u01a1m tr\u01b0a t\u1ea1i nh\u00e0 h\u00e0ng M\u1ef9 Kh\u00e1nh c\u00f9ng v\u1edbi c\u00e1c m\u00f3n \u0103n \u0111\u1eadm ch\u1ea5t Mi\u1ec1n T\u00e2y.<\/li>\n<li>11h00: \u0110o\u00e0n d\u00f9ng b\u1eefa tr\u01b0a t\u1ea1i nh\u00e0 h\u00e0ng, sau \u0111\u00f3, xe \u0111\u01b0a qu\u00fd kh\u00e1ch v\u1ec1 TP.HCM. Tr\u00ean \u0111\u01b0\u1eddng \u0111i, \u0111o\u00e0n gh\u00e9 th\u0103m C\u0103n nh\u00e0 m\u00e0u t\u00edm <em>(v\u00e9 chi ph\u00ed t\u1ef1 t\u00fac),<\/em> \u0111\u01b0\u1ee3c thi\u1ebft k\u1ebf to\u00e0n m\u00e0u t\u00edm th\u01a1 m\u1ed9ng, c\u00f9ng nhi\u1ec1u ti\u1ec3u c\u1ea3nh \u1ea5n t\u01b0\u1ee3ng thu h\u00fat \u0111\u00f4ng kh\u00e1ch \u0111\u1ebfn tham quan \u0111\u1eb7c bi\u1ec7t l\u00e0 c\u00e1c b\u1ea1n tr\u1ebb.<\/li>\n<\/ul>\n<\/div>\n<p>&#8211; \u0110\u1ebfn TP.HCM, xe v\u00e0 HDV ti\u1ec5n qu\u00fd kh\u00e1ch t\u1ea1i c\u00f4ng vi\u00ean 23\/09.<\/p>\n<ul>\n<li>K\u1ebft th\u00fac chuy\u1ebfn \u0111i.<\/li>\n<\/ul>\n<h3 style=\"text-align: center;\"><span style=\"color: #ff0000;\"><strong>C\u00f4ng ty k\u00ednh ch\u00fac qu\u00fd kh\u00e1ch nhi\u1ec1u s\u1ee9c kh\u1ecfe v\u00e0 h\u1eb9n g\u1eb7p l\u1ea1i qu\u00fd kh\u00e1ch trong nh\u1eefng chuy\u1ebfn \u0111i ti\u1ebfp theo.<\/strong><\/span><\/h3>","protected":false},"excerpt":{"rendered":"<p>M\u1ef8 THO \u2013B\u1ebeN TRE \u2013C\u1ea6N TH\u01a0 \u2013 KDL M\u1ef8 KH\u00c1NH- C\u0102N NH\u00c0 M\u00c0U T\u00cdM Th\u1eddi gian: 02 ng\u00e0y 01 \u0111\u00eam Ph\u01b0\u01a1ng ti\u1ec7n: Xe du l\u1ecbch \u0111\u1eddi m\u1edbi Ng\u00e0y 01: M\u1ef9 Tho &#8211; B\u1ebfn Tre &#8211; C\u1ea7n Th\u01a1 &#8211; 06h30: Xe v\u00e0 HDV \u0111\u00f3n qu\u00fd kh\u00e1ch t\u1ea1i \u0111i\u1ec3m h\u1eb9n trung t\u00e2m Qu\u1eadn 1. &#8211; 07h45:\u00a0\u0110o\u00e0n d\u1eebng [&hellip;]<\/p>","protected":false},"featured_media":2524,"comment_status":"open","ping_status":"closed","template":"","meta":[],"product_cat":[31],"product_tag":[],"acf":[],"_links":{"self":[{"href":"https:\/\/vnworldtravel.us\/en\/wp-json\/wp\/v2\/product\/2517"}],"collection":[{"href":"https:\/\/vnworldtravel.us\/en\/wp-json\/wp\/v2\/product"}],"about":[{"href":"https:\/\/vnworldtravel.us\/en\/wp-json\/wp\/v2\/types\/product"}],"replies":[{"embeddable":true,"href":"https:\/\/vnworldtravel.us\/en\/wp-json\/wp\/v2\/comments?post=2517"}],"wp:featuredmedia":[{"embeddable":true,"href":"https:\/\/vnworldtravel.us\/en\/wp-json\/wp\/v2\/media\/2524"}],"wp:attachment":[{"href":"https:\/\/vnworldtravel.us\/en\/wp-json\/wp\/v2\/media?parent=2517"}],"wp:term":[{"taxonomy":"product_cat","embeddable":true,"href":"https:\/\/vnworldtravel.us\/en\/wp-json\/wp\/v2\/product_cat?post=2517"},{"taxonomy":"product_tag","embeddable":true,"href":"https:\/\/vnworldtravel.us\/en\/wp-json\/wp\/v2\/product_tag?post=2517"}],"curies":[{"name":"wp","href":"https:\/\/api.w.org\/{rel}","templated":true}]}}