{"id":2531,"date":"2024-12-07T21:59:08","date_gmt":"2024-12-07T14:59:08","guid":{"rendered":"https:\/\/vnworldtravel.us\/?post_type=product&#038;p=2531"},"modified":"2025-04-21T14:15:03","modified_gmt":"2025-04-21T07:15:03","slug":"tour-du-lich-tay-ninh","status":"publish","type":"product","link":"https:\/\/vnworldtravel.us\/en\/product\/tour-du-lich-tay-ninh\/","title":{"rendered":"Tour Du L\u1ecbch T\u1eeb S\u00e0i G\u00f2n &#8211; T\u00e2y Ninh 1 Ng\u00e0y"},"content":{"rendered":"<h3><\/h3>\n<h3 style=\"text-align: center;\"><span style=\"color: #004274;\">TOUR DU L\u1ecaCH S\u00c0I G\u00d2N &#8211; T\u00c2Y NINH<\/span><\/h3>\n<p style=\"padding-left: 200px;\"><img fetchpriority=\"high\" decoding=\"async\" class=\"alignnone size-medium wp-image-2537\" src=\"https:\/\/vnworldtravel.us\/wp-content\/uploads\/2024\/12\/3-300x200.png\" alt=\"\" width=\"300\" height=\"200\" srcset=\"https:\/\/vnworldtravel.us\/wp-content\/uploads\/2024\/12\/3-300x200.png 300w, https:\/\/vnworldtravel.us\/wp-content\/uploads\/2024\/12\/3-18x12.png 18w, https:\/\/vnworldtravel.us\/wp-content\/uploads\/2024\/12\/3-450x300.png 450w, https:\/\/vnworldtravel.us\/wp-content\/uploads\/2024\/12\/3.png 735w\" sizes=\"(max-width: 300px) 100vw, 300px\" \/> <img decoding=\"async\" class=\"alignnone size-medium wp-image-2536\" src=\"https:\/\/vnworldtravel.us\/wp-content\/uploads\/2024\/12\/2-1-300x200.png\" alt=\"\" width=\"300\" height=\"200\" srcset=\"https:\/\/vnworldtravel.us\/wp-content\/uploads\/2024\/12\/2-1-300x200.png 300w, https:\/\/vnworldtravel.us\/wp-content\/uploads\/2024\/12\/2-1-18x12.png 18w, https:\/\/vnworldtravel.us\/wp-content\/uploads\/2024\/12\/2-1-450x300.png 450w, https:\/\/vnworldtravel.us\/wp-content\/uploads\/2024\/12\/2-1.png 735w\" sizes=\"(max-width: 300px) 100vw, 300px\" \/> <img decoding=\"async\" class=\"alignnone size-medium wp-image-2538\" src=\"https:\/\/vnworldtravel.us\/wp-content\/uploads\/2024\/12\/1-2-300x200.png\" alt=\"\" width=\"300\" height=\"200\" srcset=\"https:\/\/vnworldtravel.us\/wp-content\/uploads\/2024\/12\/1-2-300x200.png 300w, https:\/\/vnworldtravel.us\/wp-content\/uploads\/2024\/12\/1-2-18x12.png 18w, https:\/\/vnworldtravel.us\/wp-content\/uploads\/2024\/12\/1-2-450x300.png 450w, https:\/\/vnworldtravel.us\/wp-content\/uploads\/2024\/12\/1-2.png 735w\" sizes=\"(max-width: 300px) 100vw, 300px\" \/><\/p>\n<div style=\"margin: 0px 0;\"><strong><br \/>\n<span style=\"color: #004274;\">&#8211; Bu\u1ed5i S\u00e1ng:<\/span><br \/>\n<\/strong><br \/>\n05:00 AM: Xe \u0111\u00f3n \u0111o\u00e0n t\u1ea1i \u0111i\u1ec3m h\u1eb9n.<\/div>\n<p style=\"margin: 0px 0;\">+ C\u00e1c \u0111i\u1ec3m \u0111\u00f3n kh\u00e1ch:<\/p>\n<ul style=\"padding-left: 20px; line-height: 1.6;\">\n<li><span style=\"color: #004274;\"><em>C\u00e2y X\u0103ng Comeco \u2013 Ng\u00e3 4 H\u00e0ng Xanh, Qu\u1eadn B\u00ecnh Th\u1ea1nh.<\/em><\/span><\/li>\n<li><span style=\"color: #004274;\"><em>Nh\u00e0 V\u0103n H\u00f3a Thanh Ni\u00ean \u2013 S\u1ed1 4 Ph\u1ea1m Ng\u1ecdc Th\u1ea1ch, Qu\u1eadn 1.<\/em><\/span><\/li>\n<li><span style=\"color: #004274;\"><em>Thu\u1eadn Ki\u1ec1u Plaza, Qu\u1eadn 5.<\/em><\/span>\n<div><span style=\"color: #ff0000;\"><br \/>\n<em><br \/>\nSinh ho\u1ea1t vui ch\u01a1i c\u00f9ng H\u01b0\u1edbng D\u1eabn Vi\u00ean tr\u00ean xe. Qu\u00fd kh\u00e1ch t\u00ecm hi\u1ec3u c\u00e1c \u0111\u1ecba danh n\u1ed5i ti\u1ebfng tr\u00ean \u0111\u01b0\u1eddng nh\u01b0: Th\u1eadp B\u00e1t Ph\u00f9 Vi\u00ean &#8211; M\u01b0\u1eddi T\u00e1m Th\u00f4n V\u01b0\u1eddn Tr\u1ea7u &#8211; V\u00f9ng \u0110\u1ea5t Th\u00e9p Th\u00e0nh \u0110\u1ed3ng C\u1ee7 Chi, D\u00f9ng \u0111i\u1ec3m t\u00e2m s\u00e1ng (\u0110\u1eb7c S\u1ea3n B\u00e1nh Canh Tr\u1ea3ng B\u00e0ng).<br \/>\n<\/em><br \/>\n<\/span><\/div>\n<\/li>\n<\/ul>\n<p>+ 08:00: \u0110\u1ebfn T\u00e2y Ninh , qu\u00fd kh\u00e1ch kh\u1edfi h\u00e0nh tham quan KDL N\u00fai B\u00e0 \u0110en \u2013 Chinh Ph\u1ee5c N\u00fai B\u00e0 ( <em>B\u1eb1ng c\u00e1p treo t\u1ef1 t\u00fac<\/em> ) \u2013 Vi\u1ebfng \u0110i\u1ec7n B\u00e0 \u2013 \u0110\u1ed9ng Thanh Long \u2013 \u0110\u1ed9ng Huy\u1ec1n Kh\u00f4ng \u2013Hang Gi\u00f3 \u2013 Th\u00e1p C\u1ed5.<\/p>\n<div style=\"margin: 0px 0;\">\n<ul>\n<li>Qu\u00fd kh\u00e1ch nghe s\u1ef1 t\u00edch linh thi\u00eang c\u1ee7a B\u00e0 \u2013 T\u00ecm hi\u1ec3u v\u1ec1 m\u1ed1i t\u00ecnh s\u00e2u \u0111\u1eadm gi\u1eefa N\u00e0ng L\u00fd Th\u1ecb Thi\u00ean H\u01b0\u01a1ng &amp; Ch\u00e0ng L\u00ea S\u1ef9 Tri\u1ec7t. Qu\u00fd kh\u00e1ch quay xu\u1ed1ng ch\u00e2n n\u00fai.<\/li>\n<li>Cung c\u1ea5p 2 tuy\u1ebfn c\u00e1p treo ph\u1ee5c v\u1ee5 thu\u1eadn ti\u1ec7n cho nhu c\u1ea7u tham quan c\u1ee7a du kh\u00e1ch , \u0111\u00f3 l\u00e0 <span style=\"color: #ff0000;\">tuy\u1ebfn c\u00e1p treo V\u00e2n S\u01a1n<\/span> v\u00e0 <span style=\"color: #ff0000;\">Ch\u00f9a Hang<\/span>. Thay v\u00ec h\u00e0nh tr\u00ecnh kh\u00f3 kh\u0103n nh\u01b0 tr\u01b0\u1edbc \u0111\u00e2y, du kh\u00e1ch t\u1eeb ng\u01b0\u1eddi gi\u00e0 \u0111\u1ebfn tr\u1ebb nh\u1ecf\u2026\u0111\u1ec1u s\u1ebd c\u00f3 th\u1ec3 di chuy\u1ec3n nhanh ch\u00f3ng v\u00e0 nh\u1eb9 nh\u00e0ng khi \u0111\u1ebfn th\u0103m n\u00fai B\u00e0 \u0110en.<\/li>\n<\/ul>\n<\/div>\n<div style=\"margin: 0px 0;\"><span style=\"color: #004274;\"><strong>&#8211; Bu\u1ed5i tr\u01b0a: <\/strong><\/span>12h30 PM: Q\u00fay kh\u00e1ch d\u00f9ng c\u01a1m tr\u01b0a t\u1ea1i nh\u00e0 h\u00e0ng. Sau \u0111\u00f3 ngh\u1ec9 ng\u01a1i.<\/div>\n<p><span style=\"color: #004274;\"><strong>&#8211; Bu\u1ed5i chi\u1ec1u: <\/strong><\/span>Q\u00fay kh\u00e1ch kh\u1edfi h\u00e0nh v\u1ec1 S\u00e0i G\u00f2n.<\/p>\n<div style=\"margin: 0px 0;\">\n<ul>\n<li>Tr\u00ean \u0111\u01b0\u1eddng v\u1ec1 qu\u00fd kh\u00e1ch s\u1ebd gh\u00e9 th\u0103m <span style=\"color: #ff0000;\">Ch\u00f9a G\u00f2 K\u00e9n<\/span> c\u0169ng nh\u01b0 gh\u00e9 tham quan mua s\u1eafm c\u00e1c \u0111\u1eb7c s\u1ea3n c\u1ee7a <span style=\"color: #ff0000;\">v\u00f9ng \u0111\u1ea5t T\u00e2y Ninh.<\/span><\/li>\n<li>\u0110o\u00e0n gh\u00e9 tham quan quan <span style=\"color: #ff0000;\">T\u00f2a Th\u00e1nh T\u00e2y Ninh &#8211; T\u00f2a Th\u00e1nh T\u00e2y Ninh<\/span> \u0111\u01b0\u1ee3c xem l\u00e0 m\u1ed9t trong nh\u1eefng c\u00f4ng tr\u00ecnh ki\u1ebfn tr\u00fac t\u00f4n gi\u00e1o v\u0129 \u0111\u1ea1i nh\u1ea5t c\u1ee7a <span style=\"color: #ff0000;\">\u0110\u1ea1o Cao \u0110\u00e0i.<\/span> \u0110\u00e2y c\u0169ng l\u00e0 m\u1ed9t trong nh\u1eefng \u0111i\u1ec3m du l\u1ecbch thu h\u00fat \u0111\u00f4ng \u0111\u1ea3o du kh\u00e1ch tham quan t\u1ea1i <span style=\"color: #ff0000;\">T\u00e2y Ninh.<\/span><\/li>\n<\/ul>\n<\/div>\n<p><span style=\"color: #004274;\"><strong>&#8211; Bu\u1ed5i t\u1ed1i:<\/strong><\/span> V\u1ec1 \u0111\u1ebfn <span style=\"color: #ff0000;\">S\u00e0i G\u00f2n<\/span>\u00a0, xe v\u00e0 HDV \u0111\u01b0a qu\u00fd kh\u00e1ch v\u1ec1 \u0111i\u1ec3m h\u1eb9n ban \u0111\u1ea7u k\u1ebft th\u00fac tour.<\/p>\n<h5 style=\"text-align: center;\"><span style=\"color: #ff0000;\">CH\u00c0O T\u1ea0M BI\u1ec6T V\u00c0 H\u1eb8N G\u1eb6P L\u1ea0I !<\/span><\/h5>","protected":false},"excerpt":{"rendered":"<p>TOUR DU L\u1ecaCH S\u00c0I G\u00d2N &#8211; T\u00c2Y NINH &#8211; Bu\u1ed5i S\u00e1ng: 05:00 AM: Xe \u0111\u00f3n \u0111o\u00e0n t\u1ea1i \u0111i\u1ec3m h\u1eb9n. + C\u00e1c \u0111i\u1ec3m \u0111\u00f3n kh\u00e1ch: C\u00e2y X\u0103ng Comeco \u2013 Ng\u00e3 4 H\u00e0ng Xanh, Qu\u1eadn B\u00ecnh Th\u1ea1nh. Nh\u00e0 V\u0103n H\u00f3a Thanh Ni\u00ean \u2013 S\u1ed1 4 Ph\u1ea1m Ng\u1ecdc Th\u1ea1ch, Qu\u1eadn 1. Thu\u1eadn Ki\u1ec1u Plaza, Qu\u1eadn 5. Sinh ho\u1ea1t [&hellip;]<\/p>","protected":false},"featured_media":2537,"comment_status":"open","ping_status":"closed","template":"","meta":[],"product_cat":[31],"product_tag":[],"acf":[],"_links":{"self":[{"href":"https:\/\/vnworldtravel.us\/en\/wp-json\/wp\/v2\/product\/2531"}],"collection":[{"href":"https:\/\/vnworldtravel.us\/en\/wp-json\/wp\/v2\/product"}],"about":[{"href":"https:\/\/vnworldtravel.us\/en\/wp-json\/wp\/v2\/types\/product"}],"replies":[{"embeddable":true,"href":"https:\/\/vnworldtravel.us\/en\/wp-json\/wp\/v2\/comments?post=2531"}],"wp:featuredmedia":[{"embeddable":true,"href":"https:\/\/vnworldtravel.us\/en\/wp-json\/wp\/v2\/media\/2537"}],"wp:attachment":[{"href":"https:\/\/vnworldtravel.us\/en\/wp-json\/wp\/v2\/media?parent=2531"}],"wp:term":[{"taxonomy":"product_cat","embeddable":true,"href":"https:\/\/vnworldtravel.us\/en\/wp-json\/wp\/v2\/product_cat?post=2531"},{"taxonomy":"product_tag","embeddable":true,"href":"https:\/\/vnworldtravel.us\/en\/wp-json\/wp\/v2\/product_tag?post=2531"}],"curies":[{"name":"wp","href":"https:\/\/api.w.org\/{rel}","templated":true}]}}