{"id":2540,"date":"2024-12-07T23:02:04","date_gmt":"2024-12-07T16:02:04","guid":{"rendered":"https:\/\/vnworldtravel.us\/?post_type=product&#038;p=2540"},"modified":"2025-04-21T14:12:36","modified_gmt":"2025-04-21T07:12:36","slug":"tour-du-lich-ho-chi-minh-phan-thiet-mui-ne-2-ngay-1-dem","status":"publish","type":"product","link":"https:\/\/vnworldtravel.us\/en\/product\/tour-du-lich-ho-chi-minh-phan-thiet-mui-ne-2-ngay-1-dem\/","title":{"rendered":"Tour Du L\u1ecbch S\u00e0i G\u00f2n &#8211; Phan Thi\u1ebft &#8211; M\u0169i N\u00e9 2 Ng\u00e0y 1 \u0110\u00eam"},"content":{"rendered":"<h3 style=\"text-align: center;\"><span style=\"color: #004274;\"><strong>\u00a0TOUR DU L\u1ecaCH <\/strong><\/span><span style=\"color: #004274;\"><strong>S\u00c0I<\/strong><strong> G\u00d2N \u2013 PHAN THI\u1ebeT \u2013 M\u0168I N\u00c9<\/strong><\/span><\/h3>\n<h3 style=\"text-align: center;\"><span style=\"color: #004274;\"><strong><img fetchpriority=\"high\" decoding=\"async\" class=\"alignnone size-medium wp-image-2545\" src=\"https:\/\/vnworldtravel.us\/wp-content\/uploads\/2024\/12\/6-300x200.png\" alt=\"\" width=\"300\" height=\"200\" srcset=\"https:\/\/vnworldtravel.us\/wp-content\/uploads\/2024\/12\/6-300x200.png 300w, https:\/\/vnworldtravel.us\/wp-content\/uploads\/2024\/12\/6-18x12.png 18w, https:\/\/vnworldtravel.us\/wp-content\/uploads\/2024\/12\/6-450x300.png 450w, https:\/\/vnworldtravel.us\/wp-content\/uploads\/2024\/12\/6.png 735w\" sizes=\"(max-width: 300px) 100vw, 300px\" \/> <img decoding=\"async\" class=\"alignnone size-medium wp-image-2541\" src=\"https:\/\/vnworldtravel.us\/wp-content\/uploads\/2024\/12\/5-300x200.png\" alt=\"\" width=\"300\" height=\"200\" srcset=\"https:\/\/vnworldtravel.us\/wp-content\/uploads\/2024\/12\/5-300x200.png 300w, https:\/\/vnworldtravel.us\/wp-content\/uploads\/2024\/12\/5-18x12.png 18w, https:\/\/vnworldtravel.us\/wp-content\/uploads\/2024\/12\/5-450x300.png 450w, https:\/\/vnworldtravel.us\/wp-content\/uploads\/2024\/12\/5.png 735w\" sizes=\"(max-width: 300px) 100vw, 300px\" \/> <img decoding=\"async\" class=\"alignnone size-medium wp-image-2544\" src=\"https:\/\/vnworldtravel.us\/wp-content\/uploads\/2024\/12\/4-300x200.png\" alt=\"\" width=\"300\" height=\"200\" srcset=\"https:\/\/vnworldtravel.us\/wp-content\/uploads\/2024\/12\/4-300x200.png 300w, https:\/\/vnworldtravel.us\/wp-content\/uploads\/2024\/12\/4-18x12.png 18w, https:\/\/vnworldtravel.us\/wp-content\/uploads\/2024\/12\/4-450x300.png 450w, https:\/\/vnworldtravel.us\/wp-content\/uploads\/2024\/12\/4.png 735w\" sizes=\"(max-width: 300px) 100vw, 300px\" \/>\u00a0<\/strong><\/span><\/h3>\n<div style=\"margin: 0px 0;\">\n<h4><span style=\"color: #004274;\">NG\u00c0Y 1: S\u00c0I G\u00d2N \u2013 PHAN THI\u1ebeT \u2013 M\u0168I N\u00c9\u00a0<\/span><\/h4>\n<\/div>\n<p><span style=\"color: #004274;\"><strong>&#8211; <\/strong><strong>08h00<\/strong><strong>: <\/strong><\/span>Xe v\u00e0 h\u01b0\u1edbng d\u1eabn vi\u00ean \u0111\u00f3n kh\u00e1ch t\u1ea1i \u0111i\u1ec3m h\u1eb9n<span style=\"color: #004274;\"> (Nh\u00e0 V\u0103n H\u00f3a Thanh Ni\u00ean, 4 \u0110\u01b0\u1eddng Ph\u1ea1m Ng\u1ecdc Th\u1ea1ch, Qu\u1eadn 1, HCM)<\/span>.Qu\u00fd kh\u00e1ch kh\u1edfi h\u00e0nh \u0111i <span style=\"color: #004274;\">Phan Thi\u1ebft.<\/span><\/p>\n<div style=\"margin: 0px 0;\">\n<ul>\n<li>Tr\u00ean xe <span style=\"color: #ff0000;\">HDV<\/span> t\u1ed5 ch\u1ee9c c\u00e1c tr\u00f2 ch\u01a1i vui nh\u1ed9n nh\u01b0: t\u00ecm ng\u01b0\u1eddi b\u00ed \u1ea9n, truy t\u00ecm b\u00e1u v\u1eadt, chi\u1ebfc n\u00f3n k\u1ef3 c\u1ee5c, h\u00e0nh tr\u00ecnh k\u1ebft n\u1ed1i v\u1edbi nhi\u1ec1u ph\u1ea7n qu\u00e0 h\u1ea5p d\u1eabn v\u00e0 nghe gi\u1edbi thi\u1ec7u nh\u1eefng \u0111i\u1ec3m tr\u00ean cung \u0111\u01b0\u1eddng m\u00e0 \u0111\u00e3 \u0111i qua.<\/li>\n<\/ul>\n<\/div>\n<p><span style=\"color: #004274;\"><strong>&#8211; 11h30: <\/strong><\/span>\u0110o\u00e0n d\u00f9ng c\u01a1m tr\u01b0a t\u1ea1i nh\u00e0 h\u00e0ng.<\/p>\n<div style=\"margin: 0px 0;\">\n<ul>\n<li>Sau \u0111\u00f3 Qu\u00fd kh\u00e1ch \u0111\u1ebfn tham quan <span style=\"color: #004274;\">B\u1ea3o T\u00e0ng Ng\u1ecdc Trai Long Beach<\/span> \u2013 du kh\u00e1ch s\u1ebd \u0111\u01b0\u1ee3c chi\u00eam ng\u01b0\u1ee1ng v\u1ebb \u0111\u1eb9p c\u1ee7a h\u01a1n 3000 m\u1eabu thi\u1ebft k\u1ebf \u0111\u1ed1c \u0111\u00e1o, sang tr\u1ecdng v\u00e0 v\u00f4 c\u00f9ng \u0111\u1eb3ng c\u1ea5p. \u0110a ph\u1ea7n ng\u1ecdc trai \u0111\u01b0\u1ee3c tr\u01b0ng b\u00e0y t\u1ea1i \u0111\u00e2y \u0111\u1ec1u \u0111\u01b0\u1ee3c nu\u00f4i c\u1ea5y, tr\u01b0ng b\u00e0y theo ch\u1ee7ng lo\u1ea1i, k\u00edch c\u1ee1 v\u00e0 m\u00e0u s\u1eafc.<\/li>\n<\/ul>\n<\/div>\n<div style=\"margin: 0px 0;\"><span style=\"color: #004274;\"><strong>&#8211; <\/strong><strong>14h00<\/strong><strong>: <\/strong><\/span>\u0110o\u00e0n kh\u1edfi h\u00e0nh v\u1ec1 Resort nh\u1eadn ph\u00f2ng. T\u1ef1 do t\u1eafm bi\u1ec3n, h\u1ed3 b\u01a1i.<\/div>\n<div style=\"margin: 0px 0;\"><strong><span style=\"color: #004274;\">&#8211; 18h00:<\/span> <\/strong>Qu\u00fd kh\u00e1ch d\u00f9ng c\u01a1m t\u1ed1i t\u1ea1i nh\u00e0 h\u00e0ng.<\/div>\n<p><span style=\"color: #004274;\"><strong>&#8211; 19h00:\u00a0<\/strong><\/span> Xe \u0111\u01b0a \u0111o\u00e0n v\u1ec1 l\u1ea1i resort ngh\u1ec9 ng\u01a1i, t\u1ef1 do d\u1ea1o bi\u1ec3n \u0111\u00eam ho\u1eb7c qu\u00fd kh\u00e1ch c\u00f3 th\u1ec3 t\u1ef1 t\u00fac ra <span style=\"color: #004274;\">L\u00e0ng ch\u00e0i<\/span> d\u00f9ng h\u1ea3i s\u1ea3n t\u01b0\u01a1i ngon <span style=\"color: #ff0000;\">(chi ph\u00ed t\u1ef1 t\u00fac).<\/span><\/p>\n<ul>\n<li>Ngh\u1ec9 \u0111\u00eam M\u0169i N\u00e9.<\/li>\n<\/ul>\n<h4><span style=\"color: #004274;\"><strong>NG\u00c0Y 2: B\u00c0U TR\u1eaeNG \u2013 MIAN FARM \u2013 H\u1ed2 CH\u00cd MINH<\/strong><\/span><\/h4>\n<p style=\"padding-left: 240px;\"><img loading=\"lazy\" decoding=\"async\" class=\"alignnone size-medium wp-image-2546\" src=\"https:\/\/vnworldtravel.us\/wp-content\/uploads\/2024\/12\/1-3-300x200.png\" alt=\"\" width=\"300\" height=\"200\" srcset=\"https:\/\/vnworldtravel.us\/wp-content\/uploads\/2024\/12\/1-3-300x200.png 300w, https:\/\/vnworldtravel.us\/wp-content\/uploads\/2024\/12\/1-3-18x12.png 18w, https:\/\/vnworldtravel.us\/wp-content\/uploads\/2024\/12\/1-3-450x300.png 450w, https:\/\/vnworldtravel.us\/wp-content\/uploads\/2024\/12\/1-3.png 735w\" sizes=\"(max-width: 300px) 100vw, 300px\" \/> <img loading=\"lazy\" decoding=\"async\" class=\"alignnone size-medium wp-image-2543\" src=\"https:\/\/vnworldtravel.us\/wp-content\/uploads\/2024\/12\/3-1-300x200.png\" alt=\"\" width=\"300\" height=\"200\" srcset=\"https:\/\/vnworldtravel.us\/wp-content\/uploads\/2024\/12\/3-1-300x200.png 300w, https:\/\/vnworldtravel.us\/wp-content\/uploads\/2024\/12\/3-1-18x12.png 18w, https:\/\/vnworldtravel.us\/wp-content\/uploads\/2024\/12\/3-1-450x300.png 450w, https:\/\/vnworldtravel.us\/wp-content\/uploads\/2024\/12\/3-1.png 735w\" sizes=\"(max-width: 300px) 100vw, 300px\" \/> <img loading=\"lazy\" decoding=\"async\" class=\"alignnone size-medium wp-image-2542\" src=\"https:\/\/vnworldtravel.us\/wp-content\/uploads\/2024\/12\/2-2-300x200.png\" alt=\"\" width=\"300\" height=\"200\" srcset=\"https:\/\/vnworldtravel.us\/wp-content\/uploads\/2024\/12\/2-2-300x200.png 300w, https:\/\/vnworldtravel.us\/wp-content\/uploads\/2024\/12\/2-2-18x12.png 18w, https:\/\/vnworldtravel.us\/wp-content\/uploads\/2024\/12\/2-2-450x300.png 450w, https:\/\/vnworldtravel.us\/wp-content\/uploads\/2024\/12\/2-2.png 735w\" sizes=\"(max-width: 300px) 100vw, 300px\" \/><\/p>\n<div style=\"margin: 0px 0;\"><span style=\"color: #004274;\"><strong>&#8211;\u00a0 06h30:<\/strong><\/span> Qu\u00fd kh\u00e1ch d\u00f9ng <span style=\"color: #004274;\">Buffet s\u00e1ng<\/span> t\u1ea1i Resort.<\/div>\n<div style=\"margin: 0px 0;\"><span style=\"color: #004274;\"><strong>&#8211; 08h00: <\/strong><\/span>Xe \u0111\u01b0a qu\u00fd kh\u00e1ch tham quan <span style=\"color: #004274;\">Khu du l\u1ecbch B\u00e0u Tr\u1eafng <\/span>\u2013 N\u1eb1m gi\u1eefa nh\u1eefng tri\u1ec1n c\u00e1t tr\u1eafng n\u00ean <span style=\"color: #004274;\">B\u00e0u B\u00e0<\/span> c\u00f2n \u0111\u01b0\u1ee3c g\u1ecdi l\u00e0 <span style=\"color: #004274;\">B\u00e0u Tr\u1eafng<\/span> v\u00e0 ng\u00e0y nay c\u0169ng th\u01b0\u1eddng \u0111\u01b0\u1ee3c g\u1ecdi v\u1edbi c\u00e1i t\u00ean <span style=\"color: #004274;\">B\u00e0u Sen<\/span> b\u1edfi trong h\u1ed3 khi v\u00e0o m\u00f9a sen n\u1edf, ph\u1ee7 k\u00edn c\u1ea3 m\u1ed9t v\u00f9ng h\u1ed3. \u0111\u01b0\u1ee3c thi\u00ean nhi\u00ean ban t\u1eb7ng khi\u1ebfn cho h\u1ed3 \u0111\u1eb9p \u0111\u1ebfn tuy\u1ec7t v\u1eddi.T\u1eeb tr\u00ean \u0111\u1ed3i c\u00e1t nh\u00ecn xu\u1ed1ng h\u1ed3 ph\u1eb3ng l\u1eb7ng, xa xa nh\u1eefng \u0111\u1ed3i c\u00e1t s\u1eabm m\u00e0u nh\u1ea5p nh\u00f4 l\u00ean xu\u1ed1ng khi\u1ebfn du kh\u00e1ch kh\u00f4ng kh\u1ecfi tr\u1ea7m tr\u1ed3, th\u00e1n ph\u1ee5c. Qu\u00fd kh\u00e1ch c\u00f3 th\u1ec3 ch\u1ecdn l\u1ef1a ch\u01a1i c\u00e1c tr\u00f2 ch\u01a1i m\u1ea1o hi\u1ec3m nh\u01b0 \u0111i xe \u0111\u1ecba h\u00ecnh ho\u1eb7c \u0111i <span style=\"color: #004274;\">xe Jeep kh\u00e1m ph\u00e1 B\u00e0u Tr\u1eafng<\/span> <span style=\"color: #ff0000;\">(Chi ph\u00ed t\u1ef1 t\u00fac).<\/span><\/div>\n<div style=\"margin: 0px 0;\"><span style=\"color: #004274;\"><strong>&#8211; <\/strong><strong>09h30: <\/strong><\/span><strong>\u00a0<\/strong>Xe \u0111\u01b0a \u0111o\u00e0n \u0111\u1ebfn chek in t\u1ea1i <span style=\"color: #004274;\">L\u00e0ng M\u00f4ng C\u1ed5 Mianfarm (V\u00e9 c\u1ed5ng + \u0111\u1ed3 u\u1ed1ng)<\/span> \u2013 \u0111\u1ecba \u0111i\u1ec3m du l\u1ecbch \u0111\u1ed9c \u0111\u00e1o, qu\u00fd kh\u00e1ch s\u1ebd \u0111\u01b0\u1ee3c t\u1eadn h\u01b0\u1edfng kh\u00f4ng gian y\u00ean b\u00ecnh, tho\u00e1ng m\u00e1t gi\u1eefa nh\u1eefng c\u00e1nh \u0111\u1ed3ng r\u1ed9ng m\u00eanh m\u00f4ng v\u00e0 \u0111\u00e0n c\u1eebu hi\u1ec1n l\u00e0nh. Qu\u00fd kh\u00e1ch c\u00f3 th\u1ec3 th\u1eed s\u1ee9c v\u1edbi nh\u1eefng ho\u1ea1t \u0111\u1ed9ng \u0111\u1eb7c tr\u01b0ng c\u1ee7a ng\u01b0\u1eddi M\u00f4ng C\u1ed5 nh\u01b0 <span style=\"color: #004274;\">b\u1eafn c\u00fang, c\u01b0\u1ee1i ng\u1ef1a, thu\u00ea trang ph\u1ee5c truy\u1ec1n th\u1ed1ng <\/span><strong>\u2026<\/strong><span style=\"color: #ff0000;\">( Chi Ph\u00ed T\u1ef1 T\u00fac).<\/span><\/div>\n<div style=\"margin: 0px 0;\"><span style=\"color: #004274;\"><strong>&#8211; 11h30: <\/strong><\/span>\u0110o\u00e0n l\u00e0m th\u1ee7 t\u1ee5c tr\u1ea3 ph\u00f2ng. \u0110o\u00e0n d\u00f9ng <span style=\"color: #004274;\">c\u01a1m tr\u01b0a<\/span> t\u1ea1i nh\u00e0 h\u00e0ng.<\/div>\n<div style=\"margin: 0px 0;\"><span style=\"color: #004274;\"><strong>&#8211; <\/strong><strong>12h30<\/strong><strong>: <\/strong><\/span>Tr\u00ean \u0111\u01b0\u1eddng v\u1ec1 xe d\u1eebng t\u1ea1i <span style=\"color: #004274;\">c\u01a1 s\u1edf s\u1ea3n xu\u1ea5t n\u01b0\u1edbc m\u1eafm, kh\u00f4 c\u00e1c lo\u1ea1i<\/span> ..vv, t\u1ea1i \u0111\u00e2y qu\u00fd kh\u00e1ch c\u00f3 th\u1ec3 mua qu\u00e0 cho ng\u01b0\u1eddi th\u00e2n v\u00e0 b\u1ea1n b\u00e8.<\/div>\n<p><span style=\"color: #004274;\"><strong>&#8211; 18h00: <\/strong><\/span>Qu\u00fd kh\u00e1ch v\u1ec1 \u0111\u1ebfn <span style=\"color: #004274;\">TP.HCM<\/span>, h\u01b0\u1edbng d\u1eabn vi\u00ean chia tay qu\u00fd kh\u00e1ch h\u1eb9n ng\u00e0y g\u1eb7p l\u1ea1i! K\u1ebft th\u00fac chuy\u1ebfn tham quan!<\/p>","protected":false},"excerpt":{"rendered":"<p>\u00a0TOUR DU L\u1ecaCH S\u00c0I G\u00d2N \u2013 PHAN THI\u1ebeT \u2013 M\u0168I N\u00c9 \u00a0 NG\u00c0Y 1: S\u00c0I G\u00d2N \u2013 PHAN THI\u1ebeT \u2013 M\u0168I N\u00c9\u00a0 &#8211; 08h00: Xe v\u00e0 h\u01b0\u1edbng d\u1eabn vi\u00ean \u0111\u00f3n kh\u00e1ch t\u1ea1i \u0111i\u1ec3m h\u1eb9n (Nh\u00e0 V\u0103n H\u00f3a Thanh Ni\u00ean, 4 \u0110\u01b0\u1eddng Ph\u1ea1m Ng\u1ecdc Th\u1ea1ch, Qu\u1eadn 1, HCM).Qu\u00fd kh\u00e1ch kh\u1edfi h\u00e0nh \u0111i Phan Thi\u1ebft. Tr\u00ean xe [&hellip;]<\/p>","protected":false},"featured_media":2541,"comment_status":"open","ping_status":"closed","template":"","meta":[],"product_cat":[31],"product_tag":[],"acf":[],"_links":{"self":[{"href":"https:\/\/vnworldtravel.us\/en\/wp-json\/wp\/v2\/product\/2540"}],"collection":[{"href":"https:\/\/vnworldtravel.us\/en\/wp-json\/wp\/v2\/product"}],"about":[{"href":"https:\/\/vnworldtravel.us\/en\/wp-json\/wp\/v2\/types\/product"}],"replies":[{"embeddable":true,"href":"https:\/\/vnworldtravel.us\/en\/wp-json\/wp\/v2\/comments?post=2540"}],"wp:featuredmedia":[{"embeddable":true,"href":"https:\/\/vnworldtravel.us\/en\/wp-json\/wp\/v2\/media\/2541"}],"wp:attachment":[{"href":"https:\/\/vnworldtravel.us\/en\/wp-json\/wp\/v2\/media?parent=2540"}],"wp:term":[{"taxonomy":"product_cat","embeddable":true,"href":"https:\/\/vnworldtravel.us\/en\/wp-json\/wp\/v2\/product_cat?post=2540"},{"taxonomy":"product_tag","embeddable":true,"href":"https:\/\/vnworldtravel.us\/en\/wp-json\/wp\/v2\/product_tag?post=2540"}],"curies":[{"name":"wp","href":"https:\/\/api.w.org\/{rel}","templated":true}]}}