{"id":2550,"date":"2024-12-08T12:27:26","date_gmt":"2024-12-08T05:27:26","guid":{"rendered":"https:\/\/vnworldtravel.us\/?post_type=product&#038;p=2550"},"modified":"2025-04-21T14:11:27","modified_gmt":"2025-04-21T07:11:27","slug":"tour-du-lich-8-tinh-mien-tay-ho-chi-minh-ca-mau-4-ngay-3-dem","status":"publish","type":"product","link":"https:\/\/vnworldtravel.us\/en\/product\/tour-du-lich-8-tinh-mien-tay-ho-chi-minh-ca-mau-4-ngay-3-dem\/","title":{"rendered":"8 Provinces of the West Tour from Saigon - Ca Mau 4 Days 3 Nights"},"content":{"rendered":"<h3 style=\"text-align: center;\"><span style=\"color: #004274;\"><strong>TOUR DU L\u1ecaCH 8 T\u1ec8NH MI\u1ec0N T\u00c2Y\u00a0<\/strong><\/span><\/h3>\n<h4 style=\"text-align: center;\"><span style=\"color: #004274;\"><strong>TP. H\u1ed2 CH\u00cd MINH \u2013 M\u1ef8 THO \u2013 B\u1ebeN TRE \u2013 AN GIANG \u2013 CH\u00c2U \u0110\u1ed0C \u2013 C\u1ea6N TH\u01a0 \u2013 S\u00d3C TR\u0102NG \u2013 B\u1ea0C LI\u00caU \u2013 C\u00c0 MAU\u00a0<\/strong><\/span><\/h4>\n<p style=\"padding-left: 280px;\"><img fetchpriority=\"high\" decoding=\"async\" class=\"\" src=\"https:\/\/i.pinimg.com\/736x\/be\/45\/d0\/be45d0b0c9cef355b656923698219aeb.jpg\" width=\"363\" height=\"447\" \/> <img decoding=\"async\" class=\"\" src=\"https:\/\/i.pinimg.com\/474x\/91\/41\/01\/9141018b22feed9d07e1c2325f58e8b2.jpg\" alt=\"T\u1eeb l\u00e2u Ch\u00e2u \u0110\u1ed1c, An Giang \u0111\u00e3 tr\u1edf th\u00e0nh m\u1ed9t \u0111\u1ecba \u0111i\u1ec3m tham quan n\u1ed5i ti\u1ebfng, thu h\u00fat r\u1ea5t nhi\u1ec1u du kh\u00e1ch. Nh\u1ea5t l\u00e0 nh\u1eefng b\u1ea1n \u0111\u1ebfn h\u00e0nh h\u01b0\u01a1ng t\u1ea1i Mi\u1ebfu B\u00e0 Ch\u00faa X\u1ee9 \u2026 xem th\u00eam\u2026(hay c\u00f2n g\u1ecdi l\u00e0 Ch\u00f9a b\u00e0 Ch\u00e2u \u0110\u1ed1c). D\u01b0\u1edbi \u0111\u00e2y, TopChuan.com s\u1ebd chia s\u1ebd [\u2026] The post Top 7 Kinh nghi\u1ec7m du l\u1ecbch Ch\u00e2u \u0110\u1ed1c, An Giang appeared first on Top Chu\u1ea9n.\" width=\"448\" height=\"448\" \/><\/p>\n<div style=\"margin: 0px 0;\">\n<h4 style=\"margin: 0px 0;\"><span style=\"color: #004274;\"><strong>NG\u00c0Y 1: TP.HCM \u2013 M\u1ef8 THO \u2013 B\u1ebeN TRE \u2013 CH\u00c2U \u0110\u1ed0C\u00a0<\/strong><\/span><\/h4>\n<\/div>\n<div style=\"margin: 0px 0;\"><span style=\"color: #004274;\"><strong>&#8211; 06h30: <\/strong><\/span>Xe v\u00e0 HDV h\u1ed7 tr\u1ee3 \u0111\u00f3n qu\u00fd kh\u00e1ch t\u1ea1i c\u00e1c <span style=\"color: #ff0000;\">\u0111i\u1ec3m h\u1eb9n trung t\u00e2m Qu\u1eadn 1.<\/span><\/div>\n<div style=\"margin: 0px 0;\"><span style=\"color: #004274;\"><strong>&#8211; 07h45:<\/strong><\/span> \u0110o\u00e0n d\u1eebng ch\u00e2n,\u00a0d\u00f9ng \u0111i\u1ec3m t\u00e2m s\u00e1ng\u00a0t\u1ea1i Trung L\u01b0\u01a1ng Rest Stop.<\/div>\n<div style=\"margin: 0px 0;\"><span style=\"color: #004274;\"><strong>&#8211; 08h30: <\/strong><\/span>Qu\u00fd Kh\u00e1ch \u0111\u1ebfn b\u1ebfn t\u00e0u 30\/4 <span style=\"color: #ff0000;\">TP.M\u1ef9 Tho<\/span><strong>, <\/strong>thuy\u1ec1n l\u1edbn v\u00e0 HDV b\u1ea3n \u0111\u1ecba \u0111\u00f3n qu\u00fd kh\u00e1ch th\u01b0\u1edfng ngo\u1ea1n s\u00f4ng n\u01b0\u1edbc mi\u1ec1n T\u00e2y Nam B\u1ed9.<\/div>\n<div style=\"margin: 0px 0;\">\n<ul>\n<li>Tham quan <span style=\"color: #004274;\">t\u1ee9 linh mi\u1ec7t v\u01b0\u1eddn &#8211; 4 c\u1ed3n Long, L\u00e2n, Quy, Ph\u1ee5ng.<\/span><\/li>\n<li>T\u00ecm hi\u1ec3u <span style=\"color: #004274;\">c\u00e1ch nu\u00f4i c\u00e1 b\u00e8<\/span> tr\u00ean s\u00f4ng ti\u1ec1n c\u1ee7a c\u01b0 d\u00e2n \u0111\u1ecba ph\u01b0\u01a1ng.<\/li>\n<li>\u0110o\u00e0n tr\u1ea3i nghi\u1ec7m <span style=\"color: #004274;\">thuy\u1ec1n ch\u00e8o 3 l\u00e1<\/span>\u00a0len l\u1ecfi trong r\u1ea1ch d\u1eeba n\u01b0\u1edbc thi\u00ean nhi\u00ean.<\/li>\n<li>Tham quan trang tr\u1ea1i nu\u00f4i ong m\u1eadt, <span style=\"color: #004274;\">u\u1ed1ng tr\u00e0 m\u1eadt ong chanh mi\u1ec5n ph\u00ed.<\/span><\/li>\n<\/ul>\n<\/div>\n<p><span style=\"color: #004274;\"><strong>&#8211; 10h30: <\/strong><\/span>\u0110o\u00e0n tr\u1edf ra thuy\u1ec1n l\u1edbn \u0111\u1ebfn v\u1edbi t\u1ec9nh <span style=\"color: #ff0000;\">B\u1ebfn Tre.<\/span><\/p>\n<div style=\"margin: 0px 0;\">\n<ul>\n<li>Tham quan, t\u00ecm hi\u1ec3u quy tr\u00ecnh s\u1ea3n xu\u1ea5t <span style=\"color: #004274;\">k\u1eb9o d\u1eeba v\u00e0 l\u00e0ng ngh\u1ec1 b\u00e1nh tr\u00e1ng<\/span> t\u1ea1i x\u00e3 T\u00e2n Th\u1ea1nh.<\/li>\n<li>Qu\u00fd kh\u00e1ch c\u00f3 tr\u1ea3i nghi\u1ec7m th\u00fa v\u1ecb \u0111i xe ng\u1ef1a tr\u00ean \u0111\u01b0\u1eddng l\u00e0ng, tham quan v\u01b0\u1eddn tr\u00e1i c\u00e2y, th\u01b0\u1edfng th\u1ee9c tr\u00e1i c\u00e2y mi\u1ec5n ph\u00ed v\u00e0 giao l\u01b0u <span style=\"color: #004274;\">\u0111\u1eddn ca t\u00e0i t\u1eed Nam B\u1ed9.<\/span><\/li>\n<li>C\u00f4ng ty m\u1eddi qu\u00fd kh\u00e1ch m\u1ed7i ng\u01b0\u1eddi 1 tr\u00e1i d\u1eeba ba nh\u00e1t <span style=\"color: #004274;\">\u0111\u1eb7c s\u1ea3n B\u1ebfn Tre. <\/span><\/li>\n<\/ul>\n<\/div>\n<p><span style=\"color: #004274;\"><strong>&#8211; 11h30:<\/strong> <\/span>\u0110o\u00e0n ti\u1ebfp t\u1ee5c \u0111\u1ebfn nh\u00e0 h\u00e0ng mi\u1ec7t v\u01b0\u1eddn d\u00f9ng c\u01a1m tr\u01b0a, n\u1eb1m v\u00f5ng ngh\u1ec9 ng\u01a1i, tham quan h\u1ed3 c\u00e1 s\u1ea5u, \u0111i c\u1ea7u kh\u1ec9, c\u1ea7u d\u1eeba\u2026Sau \u0111\u00f3 l\u00ean t\u00e0u tr\u1edf v\u1ec1 <span style=\"color: #004274;\">b\u1ebfn t\u00e0u M\u1ef9 Tho.<\/span> Tr\u00ean \u0111\u01b0\u1eddng nghe gi\u1edbi thi\u1ec7u v\u1ec1 C\u1ed3n Ph\u1ee5ng &#8211; t\u00ecm hi\u1ec3u <span style=\"color: #004274;\">di t\u00edch \u00d4ng \u0110\u1ea1o D\u1eeba<\/span> v\u00e0 c\u00e1c c\u00f4ng tr\u00ecnh ki\u1ebfn tr\u00fac c\u1ee7a \u00f4ng tr\u00ean c\u1ed3n&#8230;<\/p>\n<div style=\"margin: 0px 0;\">\n<ul>\n<li>Sau \u0111\u00f3, \u0111o\u00e0n di chuy\u1ec3n \u0111\u1ebfn <span style=\"color: #ff0000;\">Ch\u00e2u \u0110\u1ed1c<\/span> \u0111\u1ec3 nh\u1eadn ph\u00f2ng kh\u00e1ch s\u1ea1n.<\/li>\n<\/ul>\n<\/div>\n<p><span style=\"color: #004274;\"><strong>&#8211; Bu\u1ed5i t\u1ed1i:<\/strong> <\/span>Qu\u00fd kh\u00e1ch d\u00f9ng c\u01a1m t\u1ed1i t\u1ea1i nh\u00e0 h\u00e0ng. Sau \u0111\u00f3, \u0111o\u00e0n tham quan c\u1ee5m <span style=\"color: #ff0000;\">KDL N\u00fai Sam: Mi\u1ebfu b\u00e0 Ch\u00faa X\u1ee9<\/span> v\u00e0 <span style=\"color: #ff0000;\">L\u0103ng Tho\u1ea1i Ng\u1ecdc H\u1ea7u<\/span>.<\/p>\n<ul>\n<li>Qu\u00fd kh\u00e1ch c\u00f3 th\u1ec3 tr\u1ea3i nghi\u1ec7m \u0111i xe l\u00f4i kh\u00e1m ph\u00e1 <span style=\"color: #ff0000;\">TP. Ch\u00e2u \u0110\u1ed1c<\/span> v\u1ec1 \u0111\u00eam <em>(chi ph\u00ed t\u1ef1 t\u00fac)<\/em>.<\/li>\n<li>Ngh\u1ec9 \u0111\u00eam Ch\u00e2u \u0110\u1ed1c.<\/li>\n<\/ul>\n<div style=\"margin: 0px 0;\">\n<h4><span style=\"color: #004274;\"><strong>NG\u00c0Y 2: AN GIANG \u2013 CH\u00c2U \u0110\u1ed0C \u2013 C\u1ea6N TH\u01a0\u00a0<\/strong><\/span><\/h4>\n<\/div>\n<p style=\"padding-left: 80px;\"><img decoding=\"async\" class=\"\" src=\"https:\/\/i.pinimg.com\/736x\/a2\/80\/24\/a280242074c79e3b2c76dad79eb55661.jpg\" width=\"646\" height=\"341\" \/>\u00a0 <img loading=\"lazy\" decoding=\"async\" class=\"\" src=\"https:\/\/i.pinimg.com\/736x\/3a\/e6\/f4\/3ae6f4b7042519ea779fe36dbe99bbe9.jpg\" width=\"509\" height=\"339\" \/><\/p>\n<p><span style=\"color: #004274;\"><strong>&#8211; <\/strong><strong>07h00:<\/strong><\/span> Qu\u00fd kh\u00e1ch d\u00f9ng buffet s\u00e1ng t\u1ea1i kh\u00e1ch s\u1ea1n, sau \u0111\u00f3 tr\u1ea3 ph\u00f2ng kh\u1edfi h\u00e0nh \u0111\u1ebfn <span style=\"color: #ff0000;\">KDL sinh th\u00e1i Tr\u00e0 S\u01b0:<\/span><\/p>\n<div style=\"margin: 0px 0;\">\n<ul>\n<li>\u0110o\u00e0n di chuy\u1ec3n b\u1eb1ng xu\u1ed3ng m\u00e1y, sau \u0111\u00f3 b\u1eb1ng xu\u1ed3ng ch\u00e8o tay \u0111i s\u00e2u v\u00e0o r\u1eebng tr\u00e0m.<\/li>\n<li>\u0110o\u00e0n di chuy\u1ec3n l\u00ean \u0111\u00e0i quan s\u00e1t cao 32m ng\u1eafm to\u00e0n c\u1ea3nh <span style=\"color: #004274;\">R\u1eebng Tr\u00e0m Tr\u00e0 S\u01b0.<\/span><\/li>\n<li>Check-in ch\u1ee5p h\u00ecnh v\u1edbi <span style=\"color: #004274;\">C\u1ea7u Ki\u1ec1u <\/span>v\u00f4 c\u00f9ng \u0111\u1eb9p m\u1eaft.<\/li>\n<li>Tham quan <span style=\"color: #004274;\">c\u1ea7u tre v\u1ea1n b\u01b0\u1edbc d\u00e0i 2km \u0111\u1ea1t k\u1ef7 l\u1ee5c Guinness c\u1ee7a Vi\u1ec7t Nam.<\/span><\/li>\n<\/ul>\n<\/div>\n<div style=\"margin: 0px 0;\"><strong><span style=\"color: #004274;\">&#8211;<\/span>\u00a0<span style=\"color: #004274;\"> Bu\u1ed5i tr\u01b0a:<\/span><\/strong> Qu\u00fd kh\u00e1ch d\u00f9ng c\u01a1m tr\u01b0a t\u1ea1i nh\u00e0 h\u00e0ng Tr\u00e0 S\u01b0 v\u1edbi c\u00e1c m\u00f3n \u0111\u1eb7c s\u1ea3n c\u00e1 linh, l\u1ea9u m\u1eafm, b\u00f4ng \u0111i\u00ean \u0111i\u1ec3n&#8230; v\u00e0 t\u1ef1 do ngh\u1ec9 ng\u01a1i. Sau \u0111\u00f3, \u0111o\u00e0n di chuy\u1ec3n \u0111\u1ebfn <span style=\"color: #ff0000;\">C\u1ea7n Th\u01a1<\/span> \u0111\u1ec3 nh\u1eadn ph\u00f2ng kh\u00e1ch s\u1ea1n.<\/div>\n<p><span style=\"color: #004274;\"><strong>&#8211; 18h30: <\/strong><\/span>\u0110o\u00e0n \u0103n t\u1ed1i t\u1ea1i <span style=\"color: #ff0000;\">Du thuy\u1ec1n Ninh Ki\u1ec1u 5*.<\/span><\/p>\n<ul>\n<li>Qu\u00fd kh\u00e1ch tham quan t\u1ef1 do <span style=\"color: #ff0000;\">TP.C\u1ea7n Th\u01a1<\/span> v\u1ec1 \u0111\u00eam.<\/li>\n<li>Ngh\u1ec9 \u0111\u00eam C\u1ea7n Th\u01a1.<\/li>\n<\/ul>\n<div style=\"margin: 0px 0;\">\n<h4><span style=\"color: #004274;\"><strong>NG\u00c0Y 3: <\/strong><strong>CH\u1ee2 N\u1ed4I \u2013 C\u00c0 MAU \u2013 \u0110\u1ea4T M\u0168I C\u00c0 MAU<\/strong><\/span><\/h4>\n<p style=\"padding-left: 80px;\"><img loading=\"lazy\" decoding=\"async\" class=\"\" src=\"https:\/\/i.pinimg.com\/736x\/f8\/12\/55\/f8125557870df7e587736e54586c9b72.jpg\" width=\"644\" height=\"427\" \/> <img loading=\"lazy\" decoding=\"async\" class=\"\" src=\"https:\/\/i.pinimg.com\/736x\/b5\/21\/b3\/b521b35b763b84fafb0954a4bffe0e7e.jpg\" width=\"340\" height=\"425\" \/><\/p>\n<\/div>\n<p><strong><span style=\"color: #004274;\">&#8211; 05h30:<\/span> <\/strong>Qu\u00fd kh\u00e1ch tham quan <span style=\"color: #004274;\"><em>Ch\u1ee3 N\u1ed5i C\u00e1i R\u0103ng<\/em> <\/span>&#8211; M\u1ed9t\u00a0Tr\u1ea3i nghi\u1ec7m \u0111\u1ed9c \u0111\u00e1o t\u1ea1i <span style=\"color: #004274;\"><em>Mi\u1ec1n T\u00e2y s\u00f4ng n\u01b0\u1edbc<\/em>.<\/span><\/p>\n<div style=\"margin: 0px 0;\">\n<ul>\n<li>Tr\u1ea3i nghi\u1ec7m th\u01b0\u1edfng th\u1ee9c \u0111i\u1ec3m t\u00e2m tr\u00ean s\u00f4ng: H\u1ee7 ti\u1ebfu, b\u00fan ri\u00eau, b\u00fan m\u1eafm&#8230;.(chi ph\u00ed t\u1ef1 t\u00fac)<\/li>\n<\/ul>\n<\/div>\n<p><strong><span style=\"color: #004274;\">&#8211; 07h00:<\/span> <\/strong>Qu\u00fd kh\u00e1ch d\u00f9ng buffet s\u00e1ng t\u1ea1i kh\u00e1ch s\u1ea1n, sau \u0111\u00f3 tr\u1ea3 ph\u00f2ng kh\u1edfi h\u00e0nh \u0111i C\u00e0 Mau.<\/p>\n<p><span style=\"color: #004274;\"><strong>&#8211; 12h30: <\/strong><\/span>\u0110\u1ebfn C\u00e0 Mau \u0111o\u00e0n d\u00f9ng b\u1eefa tr\u01b0a t\u1ea1i nh\u00e0 h\u00e0ng v\u00e0 kh\u1edfi h\u00e0nh \u0111i \u0110\u1ea5t M\u0169i C\u00e0 Mau.<\/p>\n<div style=\"margin: 0px 0;\">\n<ul>\n<li>Tham quan <span style=\"color: #004274;\">m\u0169i C\u00e0 Mau.<\/span><\/li>\n<li>Ch\u1ee5p \u1ea3nh l\u01b0u ni\u1ec7m t\u1ea1i <span style=\"color: #004274;\">M\u1ed1c t\u1ecda \u0111\u1ed9 Qu\u1ed1c gia \u2013 GPS 0001.<\/span><\/li>\n<li>Pan\u00f4 bi\u1ec3u t\u01b0\u1ee3ng M\u0169i C\u00e0 Mau &#8211; h\u00ecnh con thuy\u1ec1n r\u1ebd s\u00f3ng ra kh\u01a1i, ch\u1ee5p \u1ea3nh c\u1ed9t m\u1ed1c \u0111\u01b0\u1eddng H\u1ed3 Ch\u00ed Minh \u0111i\u1ec3m cu\u1ed1i C\u00e0 Mau.<\/li>\n<li>Th\u0103m c\u1ed9t c\u1edd t\u1ea1i \u0111\u1ea5t m\u0169i C\u00e0 Mau, th\u0103m b\u1ea3o t\u00e0ng, t\u01b0\u1ee3ng m\u1eb9 \u00c2u C\u01a1&#8230;<\/li>\n<li>Tham quan h\u1ec7 sinh th\u00e1i r\u1eebng ng\u1eadp m\u1eb7n phong ph\u00fa t\u1ea1i V\u01b0\u1eddn Qu\u1ed1c Gia M\u0169i C\u00e0 Mau \u2013 Khu D\u1ef1 tr\u1eef Sinh quy\u1ec3n Th\u1ebf Gi\u1edbi.<\/li>\n<\/ul>\n<\/div>\n<p><span style=\"color: #004274;\"><strong>&#8211; <\/strong><strong>17h00: <\/strong><\/span>\u0110o\u00e0n kh\u1edfi h\u00e0nh v\u1ec1 l\u1ea1i <span style=\"color: #ff0000;\">Tp.C\u00e0 Mau<\/span> \u0111\u1ec3 nh\u1eadn ph\u00f2ng.<\/p>\n<ul>\n<li>Ngh\u0129 ng\u01a1i v\u00e0 \u0103n t\u1ed1i, sau b\u1eefa t\u1ed1i Qu\u00fd kh\u00e1ch t\u1ef1 do kh\u00e1m ph\u00e1 C\u00e0 Mau v\u1ec1 \u0111\u00eam.<\/li>\n<li>Ngh\u1ec9 \u0111\u00eam C\u00e0 Mau<strong>.<\/strong><\/li>\n<\/ul>\n<div style=\"margin: 0px 0;\">\n<h4><span style=\"color: #004274;\"><strong>NG\u00c0Y 4: <\/strong><strong>C\u00c0 MAU \u2013 B\u1ea0C LI\u00caU \u2013 S\u00d3C TR\u0102NG \u2013 TP.HCM<\/strong><\/span><\/h4>\n<\/div>\n<p><span style=\"color: #004274;\"><strong>&#8211; 06h30:<\/strong><\/span> Qu\u00fd kh\u00e1ch d\u00f9ng buffet t\u1ea1i kh\u00e1ch s\u1ea1n, sau \u0111\u00f3 tr\u1ea3 ph\u00f2ng kh\u1edfi h\u00e0nh v\u1ec1 B\u1ea1c Li\u00eau.<\/p>\n<div style=\"margin: 0px 0;\">\n<ul>\n<li>\u0110o\u00e0n tham quan nh\u00e0 th\u1edd t\u1eafc S\u1eady \u2013 Vi\u1ebfng m\u1ed9 cha Tr\u01b0\u01a1ng B\u1eefu Di\u1ec7p (B\u1ea1c Li\u00eau).<\/li>\n<li>Tham quan nh\u00e0 c\u00f4ng t\u1eed b\u1ea1c li\u00eau v\u00e0 nghe giai tho\u1ea1i v\u1ec1 cu\u1ed9c \u0111\u1eddi c\u1eadu Ba Huy (Tr\u1ea7n Trinh Huy).<\/li>\n<li>Ti\u1ebfp t\u1ee5c \u0111o\u00e0n \u0111\u1ebfn khu t\u01b0\u1edfng ni\u1ec7m c\u1ed1 nh\u1ea1c s\u1ef9 <span style=\"color: #ff0000;\"><em>Cao V\u0103n L\u1ea7u <\/em><\/span>v\u00e0 tham quan <span style=\"color: #004274;\">Nh\u00e0 h\u00e1t ba n\u00f3n l\u00e1 l\u1edbn nh\u1ea5t Vi\u1ec7t Nam, c\u00e2y \u0111\u1eddn k\u00ecm l\u1edbn nh\u1ea5t bi\u1ec3u t\u01b0\u1ee3ng c\u1ee7a t\u1ec9nh B\u1ea1c Li\u00eau \u201cQu\u00e2n T\u1eed C\u1ea7m\u201d.<\/span><\/li>\n<li>\u0110o\u00e0n tham Quan Ch\u00f9a Som R\u00f4ng, ng\u00f4i ch\u00f9a tr\u00ean 200 n\u0103m tu\u1ed5i, tuy\u1ec7t \u0111\u1eb9p (S\u00f3c Tr\u0103ng).<\/li>\n<\/ul>\n<\/div>\n<p><strong><span style=\"color: #004274;\">&#8211; 12h00:<\/span> <\/strong>Qu\u00fd kh\u00e1ch d\u00f9ng c\u01a1m tr\u01b0a T\u1ea1i Nh\u00e0 h\u00e0ng ng\u00e3 b\u1ea3y (H\u1eadu Giang) &#8211; \u0110\u1ecba danh n\u1ed5i ti\u1ebfng trong <span style=\"color: #004274;\">b\u00e0i v\u1ecdng c\u1ed5 t\u00ecnh anh b\u00e1n chi\u1ebfu c\u1ee7a so\u1ea1n gi\u1ea3 Vi\u1ec5n Ch\u00e2u.<\/span><\/p>\n<ul>\n<li>Sau b\u1eefa tr\u01b0a qu\u00fd kh\u00e1ch ti\u1ebfp t\u1ee5c kh\u1edfi h\u00e0nh v\u1ec1 Tp.HCM tr\u00ean \u0111\u01b0\u1eddng v\u1ec1 c\u00f3 gh\u00e9 tham quan Phim tr\u01b0\u1eddng c\u0103n nh\u00e0 m\u00e0u t\u00edm t\u1ea1i C\u1ea7n Th\u01a1 (chi ph\u00ed t\u1ef1 t\u00fac).<\/li>\n<li><span style=\"color: #ff0000;\">V\u1ec1 t\u1edbi TP.HCM<\/span><strong>, <\/strong>xe v\u00e0 HDV ti\u1ec5n qu\u00fd kh\u00e1ch , tr\u1ea3 qu\u00fd kh\u00e1ch <span style=\"color: #ff0000;\">C\u00f4ng vi\u00ean 23\/09<\/span>. K\u1ebft th\u00fac chuy\u1ebfn \u0111i.<\/li>\n<\/ul>\n<div style=\"margin: 0px 0;\">\n<h5 style=\"text-align: center;\"><strong><span style=\"color: #004274;\">C\u00d4NG TY K\u00cdNH CH\u00daC QU\u00dd KH\u00c1CH NHI\u1ec0U S\u1ee8C KH\u1eceE<\/span><\/strong><\/h5>\n<\/div>\n<h5 style=\"text-align: center;\"><strong><span style=\"color: #004274;\">H\u1eb8N G\u1eb6P L\u1ea0I QU\u00dd KH\u00c1CH TRONG NH\u1eeeNG CHUY\u1ebeN \u0110I TI\u1ebeP THEO!<\/span><\/strong><\/h5>","protected":false},"excerpt":{"rendered":"<p>TOUR DU L\u1ecaCH 8 T\u1ec8NH MI\u1ec0N T\u00c2Y\u00a0 TP. H\u1ed2 CH\u00cd MINH \u2013 M\u1ef8 THO \u2013 B\u1ebeN TRE \u2013 AN GIANG \u2013 CH\u00c2U \u0110\u1ed0C \u2013 C\u1ea6N TH\u01a0 \u2013 S\u00d3C TR\u0102NG \u2013 B\u1ea0C LI\u00caU \u2013 C\u00c0 MAU\u00a0 NG\u00c0Y 1: TP.HCM \u2013 M\u1ef8 THO \u2013 B\u1ebeN TRE \u2013 CH\u00c2U \u0110\u1ed0C\u00a0 &#8211; 06h30: Xe v\u00e0 HDV h\u1ed7 tr\u1ee3 \u0111\u00f3n [&hellip;]<\/p>","protected":false},"featured_media":2552,"comment_status":"open","ping_status":"closed","template":"","meta":[],"product_cat":[31],"product_tag":[],"acf":[],"_links":{"self":[{"href":"https:\/\/vnworldtravel.us\/en\/wp-json\/wp\/v2\/product\/2550"}],"collection":[{"href":"https:\/\/vnworldtravel.us\/en\/wp-json\/wp\/v2\/product"}],"about":[{"href":"https:\/\/vnworldtravel.us\/en\/wp-json\/wp\/v2\/types\/product"}],"replies":[{"embeddable":true,"href":"https:\/\/vnworldtravel.us\/en\/wp-json\/wp\/v2\/comments?post=2550"}],"wp:featuredmedia":[{"embeddable":true,"href":"https:\/\/vnworldtravel.us\/en\/wp-json\/wp\/v2\/media\/2552"}],"wp:attachment":[{"href":"https:\/\/vnworldtravel.us\/en\/wp-json\/wp\/v2\/media?parent=2550"}],"wp:term":[{"taxonomy":"product_cat","embeddable":true,"href":"https:\/\/vnworldtravel.us\/en\/wp-json\/wp\/v2\/product_cat?post=2550"},{"taxonomy":"product_tag","embeddable":true,"href":"https:\/\/vnworldtravel.us\/en\/wp-json\/wp\/v2\/product_tag?post=2550"}],"curies":[{"name":"wp","href":"https:\/\/api.w.org\/{rel}","templated":true}]}}