{"id":2580,"date":"2024-12-08T22:48:24","date_gmt":"2024-12-08T15:48:24","guid":{"rendered":"https:\/\/vnworldtravel.us\/?post_type=product&#038;p=2580"},"modified":"2025-04-21T14:06:20","modified_gmt":"2025-04-21T07:06:20","slug":"tour-du-lich-ho-chi-minh-vung-tau-1-ngay","status":"publish","type":"product","link":"https:\/\/vnworldtravel.us\/en\/product\/tour-du-lich-ho-chi-minh-vung-tau-1-ngay\/","title":{"rendered":"Tour Du L\u1ecbch T\u1eeb S\u00e0i G\u00f2n &#8211; V\u0169ng T\u00e0u 1 Ng\u00e0y"},"content":{"rendered":"<h3><\/h3>\n<div style=\"margin: 0px 0;\">\n<h3 style=\"text-align: center;\"><span style=\"color: #004274;\">TOUR DU L\u1ecaCH V\u0168NG T\u00c0U 1 NG\u00c0Y<\/span><\/h3>\n<\/div>\n<h3 style=\"text-align: center;\"><span style=\"color: #004274;\"><strong>S\u00c0I G\u00d2N\u00a0 \u2013 V\u0168NG T\u00c0U \u2013 BI\u1ec2N TH\u00d9Y V\u00c2N \u2013 \u0110\u1ec0N C\u00c1 VOI \u2013 T\u01af\u1ee2NG CH\u00daA JESUS<\/strong><\/span><\/h3>\n<p style=\"padding-left: 120px;\"><img fetchpriority=\"high\" decoding=\"async\" class=\"\" src=\"https:\/\/i.pinimg.com\/736x\/d8\/8d\/0e\/d88d0ece9a70bdce144cb24c5dd501dd.jpg\" width=\"344\" height=\"252\" \/> \u00a0<img decoding=\"async\" class=\"\" src=\"https:\/\/i.pinimg.com\/736x\/ee\/30\/94\/ee3094494632aaa8e4c3fe81b42a7b82.jpg\" width=\"338\" height=\"252\" \/> <img decoding=\"async\" class=\"\" src=\"https:\/\/vietnamnomad.com\/wp-content\/uploads\/2022\/01\/Best-beaches-in-Vietnam-Vung-Tau.jpg\" alt=\"Best beaches in Vietnam - Vung Tau\" width=\"335\" height=\"251\" \/><\/p>\n<p><span style=\"color: #004274;\"><strong>&#8211; Bu\u1ed5i s\u00e1ng:<\/strong><\/span><\/p>\n<div style=\"margin: 0px 0;\">\n<ul>\n<li><span style=\"color: #004274;\"><strong>07:30 AM:<\/strong> <\/span>Xe v\u00e0 HDV \u0111\u00f3n Qu\u00fd kh\u00e1ch t\u1ea1i \u0111i\u1ec3m h\u1eb9n \u0111\u01b0\u1eddng <span style=\"color: #ff0000;\">Ph\u1ea1m Ng\u0169 L\u00e3o, Qu\u1eadn 1, Tp.HCM.<\/span><\/li>\n<li>kh\u1edfi h\u00e0nh \u0111i <span style=\"color: #004274;\">V\u0169ng T\u00e0u.<\/span><\/li>\n<li><span style=\"color: #004274;\"><strong>09:00 AM:<\/strong><\/span> \u0110\u1ebfn <span style=\"color: #004274;\">V\u0169ng T\u00e0u<\/span> v\u00e0 qu\u00fd kh\u00e1ch \u0111\u01b0\u1ee3c t\u1ef1 do ngh\u1ec9 ng\u01a1i t\u1ea1i <span style=\"color: #ff0000;\">b\u00e3i bi\u1ec3n Th\u00f9y V\u00e2n (b\u00e3i Sau)<\/span> &#8211; m\u1ed9t trong nh\u1eefng b\u00e3i bi\u1ec3n \u0111\u1eb9p nh\u1ea5t Vi\u1ec7t Nam v\u1edbi b\u1edd bi\u1ec3n ch\u1ea1y d\u00e0i g\u1ea7n 10km, \u0111\u1ea7y c\u00e1t m\u1ecbn v\u00e0 s\u00f3ng tr\u1eafng.<\/li>\n<\/ul>\n<\/div>\n<p><span style=\"color: #004274;\"><strong>&#8211; Bu\u1ed5i tr\u01b0a:<\/strong><\/span> Q\u00fay kh\u00e1ch \u0111i d\u00f9ng b\u1eefa tr\u01b0a \u0111\u00fang ki\u1ec3u Vi\u1ec7t Nam \u0111\u01b0\u1ee3c ph\u1ee5c v\u1ee5 t\u1ea1i nh\u00e0 h\u00e0ng \u0111\u1ecba ph\u01b0\u01a1ng.<\/p>\n<p><span style=\"color: #004274;\"><strong>&#8211; Bu\u1ed5i chi\u1ec1u: <\/strong><\/span><\/p>\n<div style=\"margin: 0px 0;\">\n<ul>\n<li>Tham quan T\u01b0\u1ee3ng Ch\u00faa Gi\u00easu Kit\u00f4.<\/li>\n<li>\u0110\u00ecnh Th\u1eafng Tam (Whale Temple).<\/li>\n<li>B\u1ea1ch Dinh (ti\u1ebfng Ph\u00e1p g\u1ecdi l\u00e0 Villa Blanche hay White Palace).<\/li>\n<li>M\u0169i Nghinh Phong.<\/li>\n<\/ul>\n<\/div>\n<p><span style=\"color: #004274;\"><strong>&#8211; Bu\u1ed5i t\u1ed1i:<\/strong><\/span> V\u1ec1 \u0111\u1ebfn <span style=\"color: #ff0000;\">Tp. H\u1ed3 Ch\u00ed Minh,<\/span> xe v\u00e0 HDV \u0111\u01b0a qu\u00fd kh\u00e1ch v\u1ec1 \u0111i\u1ec3m h\u1eb9n ban \u0111\u1ea7u k\u1ebft th\u00fac tour.<\/p>\n<h5 style=\"text-align: center;\"><span style=\"color: #ff0000;\"><strong>CH\u00c0O T\u1ea0M BI\u1ec6T V\u00c0 H\u1eb8N G\u1eb6P L\u1ea0I QU\u00dd KH\u00c1CH !!!<\/strong><\/span><\/h5>","protected":false},"excerpt":{"rendered":"<p>TOUR DU L\u1ecaCH V\u0168NG T\u00c0U 1 NG\u00c0Y S\u00c0I G\u00d2N\u00a0 \u2013 V\u0168NG T\u00c0U \u2013 BI\u1ec2N TH\u00d9Y V\u00c2N \u2013 \u0110\u1ec0N C\u00c1 VOI \u2013 T\u01af\u1ee2NG CH\u00daA JESUS \u00a0 &#8211; Bu\u1ed5i s\u00e1ng: 07:30 AM: Xe v\u00e0 HDV \u0111\u00f3n Qu\u00fd kh\u00e1ch t\u1ea1i \u0111i\u1ec3m h\u1eb9n \u0111\u01b0\u1eddng Ph\u1ea1m Ng\u0169 L\u00e3o, Qu\u1eadn 1, Tp.HCM. kh\u1edfi h\u00e0nh \u0111i V\u0169ng T\u00e0u. 09:00 AM: \u0110\u1ebfn V\u0169ng [&hellip;]<\/p>","protected":false},"featured_media":2582,"comment_status":"open","ping_status":"closed","template":"","meta":[],"product_cat":[31],"product_tag":[],"acf":[],"_links":{"self":[{"href":"https:\/\/vnworldtravel.us\/en\/wp-json\/wp\/v2\/product\/2580"}],"collection":[{"href":"https:\/\/vnworldtravel.us\/en\/wp-json\/wp\/v2\/product"}],"about":[{"href":"https:\/\/vnworldtravel.us\/en\/wp-json\/wp\/v2\/types\/product"}],"replies":[{"embeddable":true,"href":"https:\/\/vnworldtravel.us\/en\/wp-json\/wp\/v2\/comments?post=2580"}],"wp:featuredmedia":[{"embeddable":true,"href":"https:\/\/vnworldtravel.us\/en\/wp-json\/wp\/v2\/media\/2582"}],"wp:attachment":[{"href":"https:\/\/vnworldtravel.us\/en\/wp-json\/wp\/v2\/media?parent=2580"}],"wp:term":[{"taxonomy":"product_cat","embeddable":true,"href":"https:\/\/vnworldtravel.us\/en\/wp-json\/wp\/v2\/product_cat?post=2580"},{"taxonomy":"product_tag","embeddable":true,"href":"https:\/\/vnworldtravel.us\/en\/wp-json\/wp\/v2\/product_tag?post=2580"}],"curies":[{"name":"wp","href":"https:\/\/api.w.org\/{rel}","templated":true}]}}