{"id":2983,"date":"2025-11-13T22:57:26","date_gmt":"2025-11-13T15:57:26","guid":{"rendered":"https:\/\/vnworldtravel.us\/?post_type=product&#038;p=2983"},"modified":"2025-11-14T05:45:53","modified_gmt":"2025-11-13T22:45:53","slug":"chuong-trinh-tour-au-chau-2026","status":"publish","type":"product","link":"https:\/\/vnworldtravel.us\/en\/product\/chuong-trinh-tour-au-chau-2026\/","title":{"rendered":"CH\u01af\u01a0NG TR\u00ccNH TOUR \u00c2U CH\u00c2U 2026"},"content":{"rendered":"<p><img fetchpriority=\"high\" decoding=\"async\" class=\"alignnone size-medium wp-image-2985\" src=\"https:\/\/vnworldtravel.us\/wp-content\/uploads\/2025\/11\/CA3-300x187.jpg\" alt=\"\" width=\"300\" height=\"187\" srcset=\"https:\/\/vnworldtravel.us\/wp-content\/uploads\/2025\/11\/CA3-300x187.jpg 300w, https:\/\/vnworldtravel.us\/wp-content\/uploads\/2025\/11\/CA3-768x480.jpg 768w, https:\/\/vnworldtravel.us\/wp-content\/uploads\/2025\/11\/CA3-18x12.jpg 18w, https:\/\/vnworldtravel.us\/wp-content\/uploads\/2025\/11\/CA3-450x281.jpg 450w, https:\/\/vnworldtravel.us\/wp-content\/uploads\/2025\/11\/CA3.jpg 900w\" sizes=\"(max-width: 300px) 100vw, 300px\" \/><\/p>\n<h1 style=\"text-align: center;\"><span style=\"color: #ff0000;\"><em>CH\u01af\u01a0NG TR\u00ccNH TOUR \u00c2U CH\u00c2U 2026<\/em><\/span><\/h1>\n<p><strong><em>USA \u2013 PH\u00c1P \u2013 B\u1ec8 \u2013 \u0110\u1ee8C \u2013 H\u00c0 LAN<\/em><\/strong><\/p>\n<p><strong><em>\u00a0<\/em><\/strong><strong><em>THU\u1ef4 S\u1ef8 &#8211; MILANO &#8211; USA<\/em><\/strong><\/p>\n<p><strong>DATE: \u00a0MARCH 14 \u2013 MARCH 26, 2026\u00a0 (13 DAYS)<\/strong><\/p>\n<p><strong><em>Kh\u00e1m ph\u00e1 v\u1ebb \u0111\u1eb9p tinh hoa c\u1ee7a Ch\u00e2u \u00c2u trong h\u00e0nh tr\u00ecnh cao c\u1ea5p \u0111i qua s\u00e1u qu\u1ed1c gia: Paris l\u00e3ng m\u1ea1n, Amsterdam r\u1ef1c r\u1ee1, Frankfurt hi\u1ec7n \u0111\u1ea1i, Zurich thanh b\u00ecnh, v\u00e0 Milan th\u1eddi th\u01b0\u1ee3ng. M\u1ed9t chuy\u1ebfn \u0111i \u0111\u1eb3ng c\u1ea5p k\u1ebft h\u1ee3p v\u0103n h\u00f3a, \u1ea9m th\u1ef1c, mua s\u1eafm v\u00e0 c\u1ea3nh quan tuy\u1ec7t m\u1ef9 \u2013 mang \u0111\u1ebfn tr\u1ea3i nghi\u1ec7m tr\u1ecdn v\u1eb9n phong c\u00e1ch Ch\u00e2u \u00c2u sang tr\u1ecdng.<\/em><\/strong><\/p>\n<h1 style=\"text-align: center;\"><strong><em>T\u00d3M T\u1eaeT CH\u01af\u01a0NG TR\u00ccNH 13 DAYS<\/em><\/strong><\/h1>\n<table width=\"1935\">\n<tbody>\n<tr>\n<td width=\"139\"><strong><em>Day<\/em><\/strong><\/td>\n<td width=\"689\"><strong><em>Route \/ Destination<\/em><\/strong><\/td>\n<td width=\"1107\"><strong><em>Main Attractions &amp; Highlights<\/em><\/strong><\/td>\n<\/tr>\n<tr>\n<td width=\"139\"><strong>1<\/strong><\/td>\n<td width=\"689\"><strong>USA <\/strong><strong>\u2708<\/strong><strong> Paris<\/strong><\/td>\n<td width=\"1107\"><strong>Kh\u1edfi h\u00e0nh t\u1eeb Hoa K\u1ef3 \u0111\u1ebfn Ph\u00e1p \u2013 ngh\u1ec9 \u0111\u00eam tr\u00ean m\u00e1y bay.<\/strong><\/td>\n<\/tr>\n<tr>\n<td width=\"139\"><strong>2<\/strong><\/td>\n<td width=\"689\"><strong>Arrive PARIS \u2013 City Tour \u2013 Eiffel Tower<\/strong><\/td>\n<td width=\"1107\">Tham quan Th\u00e1p Eiffel, \u0110\u1ea1i l\u1ed9 Champs-\u00c9lys\u00e9es, Kh\u1ea3i Ho\u00e0n M\u00f4n, Qu\u1ea3ng tr\u01b0\u1eddng Concorde, v\u00e0 Du thuy\u1ec1n s\u00f4ng Seine ng\u1eafm c\u1ea3nh Paris v\u1ec1 \u0111\u00eam.<\/td>\n<\/tr>\n<tr>\n<td width=\"139\"><strong>3<\/strong><\/td>\n<td width=\"689\"><strong>PARIS \u2013 Full Day City Tour<\/strong><\/td>\n<td width=\"1107\">B\u1ea3o t\u00e0ng Louvre, Kim t\u1ef1 th\u00e1p k\u00ednh, Nh\u00e0 th\u1edd \u0110\u1ee9c B\u00e0 Paris, \u0110i\u1ec7n Invalides, v\u00e0 mua s\u1eafm t\u1ea1i Galeries Lafayette.<\/td>\n<\/tr>\n<tr>\n<td width=\"139\"><strong>4<\/strong><\/td>\n<td width=\"689\"><strong>PARIS \u2013 REIMS \u2013 METZ<\/strong><\/td>\n<td width=\"1107\">Nh\u00e0 th\u1edd Reims Cathedral, h\u1ea7m r\u01b0\u1ee3u Champagne, ph\u1ed1 c\u1ed5 Metz, v\u00e0 Nh\u00e0 th\u1edd Saint-\u00c9tienne v\u1edbi c\u1eeda k\u00ednh m\u00e0u tuy\u1ec7t \u0111\u1eb9p.<\/td>\n<\/tr>\n<tr>\n<td width=\"139\"><strong>5<\/strong><\/td>\n<td width=\"689\"><strong>METZ \u2013 BRUSSELS (Belgium)<\/strong><\/td>\n<td width=\"1107\">Qu\u1ea3ng tr\u01b0\u1eddng Grand Place, T\u01b0\u1ee3ng Manneken Pis, B\u1ea3o t\u00e0ng Socola, v\u00e0 th\u01b0\u1edfng th\u1ee9c bia &amp; chocolate B\u1ec9.<\/td>\n<\/tr>\n<tr>\n<td width=\"139\"><strong>6<\/strong><\/td>\n<td width=\"689\"><strong>BRUSSELS \u2013 AMSTERDAM (Netherlands)<\/strong><\/td>\n<td width=\"1107\">K\u00eanh \u0111\u00e0o Amsterdam, Qu\u1ea3ng tr\u01b0\u1eddng Dam, X\u01b0\u1edfng kim c\u01b0\u01a1ng, v\u00e0 ph\u1ed1 c\u1ed5 Amsterdam.<\/td>\n<\/tr>\n<tr>\n<td width=\"139\"><strong>7<\/strong><\/td>\n<td width=\"689\"><strong>AMSTERDAM \u2013 KEUKENHOF \u2013 AMSTERDAM<\/strong><\/td>\n<td width=\"1107\"><strong>L\u1ec5 h\u1ed9i hoa Tulip Keukenhof<\/strong>, C\u1ed1i xay gi\u00f3 Zaanse Schans, ch\u1ee3 ph\u00f4 mai truy\u1ec1n th\u1ed1ng \u2013 tr\u1ea3i nghi\u1ec7m v\u0103n h\u00f3a H\u00e0 Lan \u0111\u1eb7c s\u1eafc.<\/td>\n<\/tr>\n<tr>\n<td width=\"139\"><strong>8<\/strong><\/td>\n<td width=\"689\"><strong>AMSTERDAM \u2013 COLOGNE \u2013 FRANKFURT (Germany)<\/strong><\/td>\n<td width=\"1107\">Nh\u00e0 th\u1edd Cologne Cathedral, C\u1ea7u Hohenzollern, S\u00f4ng Rhine, v\u00e0 trung t\u00e2m t\u00e0i ch\u00ednh Frankfurt.<\/td>\n<\/tr>\n<tr>\n<td width=\"139\"><strong>9<\/strong><\/td>\n<td width=\"689\"><strong>FRANKFURT \u2013 STUTTGART<\/strong><\/td>\n<td width=\"1107\">T\u00f2a th\u1ecb ch\u00ednh R\u00f6mer, Nh\u00e0 th\u1edd St. Bartholomew, v\u00e0 B\u1ea3o t\u00e0ng Mercedes-Benz.<\/td>\n<\/tr>\n<tr>\n<td width=\"139\"><strong>10<\/strong><\/td>\n<td width=\"689\"><strong>STUTTGART \u2013 ENGELBERG <\/strong><\/p>\n<p><strong>(THU\u1ef4 S\u1ef8)<\/strong><\/td>\n<td width=\"1107\"><em>H\u00e0nh tr\u00ecnh xuy\u00ean d\u00e3y Alps, \u0111\u1ebfn Engelberg \u2013 th\u1ecb tr\u1ea5n ngh\u1ec9 d\u01b0\u1ee1ng n\u1ed5i ti\u1ebfng gi\u1eefa n\u00fai tuy\u1ebft Th\u1ee5y S\u0129. <strong>NG\u1ee6 TR\u00caN N\u00daI TUY\u1ec6T V\u1edcI<\/strong><\/em><\/td>\n<\/tr>\n<tr>\n<td width=\"139\"><strong>11<\/strong><\/td>\n<td width=\"689\"><strong>ENGELBERG \u2013 LUCERNE \u2013 ROLEX TOWER \u2013 ZURICH<\/strong><\/td>\n<td width=\"1107\">N\u00fai Titlis (c\u00e1p treo 360\u00b0), C\u1ea7u g\u1ed7 Chapel Bridge, T\u01b0\u1ee3ng S\u01b0 T\u1eed Lucerne, \u0110\u1ea1i l\u1ed9 Bahnhofstrasse, Rolex Tower Zurich.<\/td>\n<\/tr>\n<tr>\n<td width=\"139\"><strong>12<\/strong><\/td>\n<td width=\"689\"><strong>ZURICH \u2013 MILANO (Italy)<\/strong><\/td>\n<td width=\"1107\">Di chuy\u1ec3n \u0111\u1ebfn \u00dd: Nh\u00e0 th\u1edd Duomo, Qu\u1ea3ng tr\u01b0\u1eddng Piazza del Duomo, Ph\u00f2ng tr\u01b0ng b\u00e0y Vittorio Emanuele II, khu mua s\u1eafm th\u1eddi trang Milan.<\/td>\n<\/tr>\n<tr>\n<td width=\"139\"><strong>13<\/strong><\/td>\n<td width=\"689\"><strong>MILANO <\/strong><strong>\u2708<\/strong><strong> USA<\/strong><\/td>\n<td width=\"1107\"><strong>Tr\u1ea3 ph\u00f2ng, ra s\u00e2n bay kh\u1edfi h\u00e0nh v\u1ec1 Hoa K\u1ef3. K\u1ebft th\u00fac chuy\u1ebfn du l\u1ecbch Ch\u00e2u \u00c2u cao c\u1ea5p.<\/strong><\/td>\n<\/tr>\n<\/tbody>\n<\/table>\n<h1 style=\"text-align: center;\"><strong><em><u>B\u1ea2NG GI\u00c1 TOUR (USD)<\/u><\/em><\/strong><\/h1>\n<table>\n<tbody>\n<tr>\n<td width=\"825\">\n<p style=\"text-align: center;\"><strong>HOTEL<\/strong><\/p>\n<\/td>\n<td width=\"765\">\n<p style=\"text-align: center;\"><strong>PRICE<\/strong><\/p>\n<\/td>\n<\/tr>\n<tr>\n<td width=\"825\">\n<p style=\"text-align: center;\"><strong><span style=\"color: #ff0000;\">4 Stars ****<\/span><\/strong><\/p>\n<\/td>\n<td width=\"765\">\n<p style=\"text-align: center;\"><span style=\"color: #ff0000;\"><strong><em>$4.389<\/em><\/strong><\/span><\/p>\n<\/td>\n<\/tr>\n<\/tbody>\n<\/table>\n<h1 style=\"text-align: center;\"><u>TOUR BAO G\u1ed2M<\/u><\/h1>\n<ul>\n<li><strong><em>V\u00e9 M\u00e1y bay kh\u1ee9 h\u1ed3i USA \u2013 EU &#8211; USA (1 ki\u1ec7n h\u00e0nh k\u00fd g\u1edfi 50lbs + 1 x\u00e1ch tay 22lbs)<\/em><\/strong><\/li>\n<li><strong>V\u1eadn Chuy\u1ec3n: Xe BUS DU L\u1ecaCH Cao C\u1ea5p T\u1ea0I \u00c2U CH\u00c2U<\/strong><\/li>\n<li>L\u01b0u tr\u00fa: Kh\u00e1ch s\u1ea1n ti\u00eau chu\u1ea9n 4 sao, 2 kh\u00e1ch\/ph\u00f2ng.<\/li>\n<li>C\u00e1c b\u1eefa \u0103n phong ph\u00fa <strong>3 B\u1eeeA<\/strong> theo \u1ea9m th\u1ef1c \u0111\u1ecba ph\u01b0\u01a1ng. Th\u1ef1c \u0111\u01a1n 7-8 m\u00f3n phong ph\u00fa thay \u0111\u1ed5i li\u00ean t\u1ee5c.<\/li>\n<li>B\u1ea3o hi\u1ec3m: Qu\u00fd kh\u00e1ch \u0111\u01b0\u1ee3c tham gia b\u1ea3o hi\u1ec3m khi \u0111i Du L\u1ecbch, m\u1ee9c b\u1ed3i th\u01b0\u1eddng t\u1ed1i \u0111a: $25.000\/1 tr\u01b0\u1eddng h\u1ee3p.<\/li>\n<\/ul>\n<h1 style=\"text-align: center;\"><u>KH\u00d4NG BAO G\u1ed2M<\/u><\/h1>\n<ul>\n<li>Chi ph\u00ed \u0111i\u1ec7n tho\u1ea1i c\u00e1 nh\u00e2n, \u0103n u\u1ed1ng ngo\u00e0i ch\u01b0\u01a1ng tr\u00ecnh, v\u00e0 c\u00e1c chi ph\u00ed vui ch\u01a1i gi\u1ea3i tr\u00ed c\u00e1 nh\u00e2n kh\u00e1c.<\/li>\n<li><strong>TI\u1ec0N TIP CHO TOURGUIDE V\u00c0 T\u00c0I X\u1ebe $10\/DAY\/NG\u01af\u1edcI ($120 CHO TI\u1ec0N TIP)<\/strong><\/li>\n<li>Ph\u1ee5 thu ph\u00f2ng \u0111\u01a1n: <strong>$120\/NIGHT\/PERSON<\/strong><\/li>\n<li>C\u00e1c nh\u00e0 h\u00e0ng \u00c2u v\u00e0 \u00c1, h\u1ea7u nh\u01b0 \u0111\u1ec1u c\u00f3 ph\u1ee5c v\u1ee5 n\u01b0\u1edbc u\u1ed1n Water ho\u1eb7c Tr\u00e0, n\u1ebfu Qu\u00fd kh\u00e1ch c\u00f3 Order th\u00eam N\u01b0\u1edbc Ng\u1ecdt ho\u1eb7c Beer, Qu\u00fd kh\u00e1ch vui l\u00f2ng t\u1ef1 thanh to\u00e1n chi ph\u00ed.<\/li>\n<\/ul>\n<p><strong><em>M\u1ecdi th\u1eafc m\u1eafc\u00a0 &#8211; Th\u00f4ng tin v\u1ec1 chuy\u1ebfn bay v\u00e0 l\u1ecbch tr\u00ecnh c\u1ee5 th\u1ec3 <\/em><\/strong><\/p>\n<p><strong>\u00a0<\/strong>\u00a0<strong>Mr. \u0110\u1ee9c (Jerry Luu): 405 999-9988 \/ 405 998-5999\u00a0 <\/strong><\/p>\n<p><strong><em>(Email: <\/em><\/strong><a href=\"mailto:business@vnworldtravel.us\"><em>business@vnworldtravel.us<\/em><\/a><strong><em>)<\/em><\/strong><\/p>\n<h3><em><u>Address:<\/u><\/em> 10700 S Pennsylvania Ave, Suite 24, Oklahoma City, OK 73170<\/h3>\n<p><strong><em><u>CH\u00cdNH S\u00c1CH \u0110\u0102NG K\u00dd:<\/u><\/em><\/strong><\/p>\n<ul>\n<li>Xin vui l\u00f2ng \u0111i\u1ec1n v\u00e0o form \u0111\u0103ng k\u00fd v\u00e0 deposit <strong><em>$1,500 cho m\u1ed9t ng\u01b0\u1eddi. <\/em><\/strong><\/li>\n<li>Cung C\u1ea5p B\u1ea3n photo ho\u1eb7c h\u00ecnh Passport \u0111\u1ec3 nh\u1eadp t\u00ean v\u00e9 bay.<\/li>\n<li>Th\u1eddi h\u1ea1n \u0111\u0103ng k\u00fd tr\u01b0\u1edbc <strong><em>7pm \u2013NOVEMBER 25 2025 <\/em><\/strong>\u0111\u1ec3 \u0111\u1ea3m b\u1ea3o c\u00f3 gi\u00e1 T\u1ed1t tr\u1ecdn g\u00f3i.<\/li>\n<\/ul>\n<p>L\u01b0u \u00fd: Sau ng\u00e0y <strong><em>NOVEMBER 25 2025<\/em><\/strong>, kh\u00e1ch h\u00e0ng tham gia ch\u01b0\u01a1ng tr\u00ecnh s\u1ebd mua gi\u00e1 d\u1ef1a v\u00e0o gi\u00e1 v\u00e9 m\u00e1y bay ngay t\u1ea1i th\u1eddi \u0111i\u1ec3m \u0111\u0103ng k\u00fd.<\/p>\n<p><strong><em><u>H\u00ccNH TH\u1ee8C \u0110\u0102NG K\u00dd:<\/u><\/em><\/strong><\/p>\n<ul>\n<li>L\u1ea7n 1: deposit <strong><em>$1,500<\/em><\/strong> khi tham gia ch\u01b0\u01a1ng tr\u00ecnh H\u00e0nh H\u01b0\u01a1ng<\/li>\n<li>L\u1ea7n 2: thanh to\u00e1n s\u1ed1 ti\u1ec1n $<strong><em>2,989 <\/em><\/strong>date <strong><em>JANUARY 15. 2026<\/em><\/strong><em>.<\/em><\/li>\n<\/ul>\n<p>&nbsp;<\/p>\n<h1>\u0110I\u1ec0U KI\u1ec6N CANCEL<\/h1>\n<ul>\n<li><em>N\u1ebfu qu\u00fd kh\u00e1ch hu\u1ef7 v\u00e9 sau khi DEPOSIT: kh\u00f4ng ho\u00e0n Deposit<\/em><\/li>\n<\/ul>\n<p><em>(Trong tr\u01b0\u1eddng h\u1ee3p qu\u00fd kh\u00e1ch Cancel do b\u1ec7nh, tai n\u1ea1n, c\u00f3 gi\u1ea5y Doctor ho\u1eb7c B\u1ec7nh Vi\u1ec7n, C\u00f4ng ty s\u1ebd h\u1ed5 tr\u1ee3 qu\u00fd kh\u00e1ch li\u00ean l\u1ea1c H\u00e0ng Kh\u00f4ng \u0111\u1ec3 Claim l\u1ea1i s\u1ed1 ti\u1ec1n Deposit)<\/em><\/p>\n<ul>\n<li><em>N\u1ebfu qu\u00fd kh\u00e1ch h\u1ee7y tour SAU PAYMENT 2 (<strong>JANUARY 15,2026)<\/strong>: ch\u1ecbu ph\u00ed 50% gi\u00e1 tr\u1ecdn Tour l\u00e0 <strong>$2,244<\/strong><\/em><\/li>\n<li><em>N\u1ebfu qu\u00fd kh\u00e1ch hu\u1ef7 tr\u01b0\u1edbc 45 ng\u00e0y kh\u1edfi h\u00e0nh ch\u1ecbu chi ph\u00ed 80% gi\u00e1 Tour l\u00e0 <strong>$3,591.<\/strong> <\/em><em>\u00a0<\/em><\/li>\n<li><em>N\u1ebfu qu\u00fd kh\u00e1ch hu\u1ef7 tr\u01b0\u1edbc 15 ng\u00e0y kh\u1edfi h\u00e0nh, ch\u1ecbu chi ph\u00ed: 100% gi\u00e1 Tour<\/em><\/li>\n<\/ul>\n<p><em>\u00a0<\/em><\/p>\n<p><strong><em><u>Khi \u0111\u0103ng k\u00fd tour du l\u1ecbch, Qu\u00fd kh\u00e1ch vui l\u00f2ng \u0111\u1ecdc k\u1ef9 ch\u01b0\u01a1ng tr\u00ecnh, gi\u00e1 tour, c\u00e1c kho\u1ea3n bao g\u1ed3m c\u0169ng nh\u01b0<\/u><\/em><\/strong><strong><em> <u>kh\u00f4ng bao g\u1ed3m, c\u00e1c \u0111i\u1ec1u ki\u1ec7n h\u1ee7y tour trong ch\u01b0\u01a1ng tr\u00ecnh.<\/u><\/em><\/strong><\/p>","protected":false},"excerpt":{"rendered":"<p>CH\u01af\u01a0NG TR\u00ccNH TOUR \u00c2U CH\u00c2U 2026 USA \u2013 PH\u00c1P \u2013 B\u1ec8 \u2013 \u0110\u1ee8C \u2013 H\u00c0 LAN \u00a0THU\u1ef4 S\u1ef8 &#8211; MILANO &#8211; USA DATE: \u00a0MARCH 14 \u2013 MARCH 26, 2026\u00a0 (13 DAYS) Kh\u00e1m ph\u00e1 v\u1ebb \u0111\u1eb9p tinh hoa c\u1ee7a Ch\u00e2u \u00c2u trong h\u00e0nh tr\u00ecnh cao c\u1ea5p \u0111i qua s\u00e1u qu\u1ed1c gia: Paris l\u00e3ng m\u1ea1n, Amsterdam r\u1ef1c [&hellip;]<\/p>","protected":false},"featured_media":2986,"comment_status":"open","ping_status":"closed","template":"","meta":[],"product_cat":[30],"product_tag":[],"acf":[],"_links":{"self":[{"href":"https:\/\/vnworldtravel.us\/en\/wp-json\/wp\/v2\/product\/2983"}],"collection":[{"href":"https:\/\/vnworldtravel.us\/en\/wp-json\/wp\/v2\/product"}],"about":[{"href":"https:\/\/vnworldtravel.us\/en\/wp-json\/wp\/v2\/types\/product"}],"replies":[{"embeddable":true,"href":"https:\/\/vnworldtravel.us\/en\/wp-json\/wp\/v2\/comments?post=2983"}],"wp:featuredmedia":[{"embeddable":true,"href":"https:\/\/vnworldtravel.us\/en\/wp-json\/wp\/v2\/media\/2986"}],"wp:attachment":[{"href":"https:\/\/vnworldtravel.us\/en\/wp-json\/wp\/v2\/media?parent=2983"}],"wp:term":[{"taxonomy":"product_cat","embeddable":true,"href":"https:\/\/vnworldtravel.us\/en\/wp-json\/wp\/v2\/product_cat?post=2983"},{"taxonomy":"product_tag","embeddable":true,"href":"https:\/\/vnworldtravel.us\/en\/wp-json\/wp\/v2\/product_tag?post=2983"}],"curies":[{"name":"wp","href":"https:\/\/api.w.org\/{rel}","templated":true}]}}